{"id":6674,"date":"2025-09-01T12:28:19","date_gmt":"2025-09-01T11:28:19","guid":{"rendered":"https:\/\/diabeticswear.com\/product\/2-pocket-biker-shorts-2-pocket-sportleggings\/"},"modified":"2025-10-07T11:36:49","modified_gmt":"2025-10-07T10:36:49","slug":"2-pocket-biker-shorts-2-pocket-sportleggings","status":"publish","type":"product","link":"https:\/\/diabeticswear.com\/de\/product\/2-pocket-biker-shorts-2-pocket-sportleggings\/","title":{"rendered":"2-Pocket Biker Shorts + 2-Pocket Sportleggings"},"content":{"rendered":"<p data-start=\"204\" data-end=\"528\">Mit unserem exklusiven Kombi-Angebot erhalten Sie das Beste aus zwei Welten: die <strong data-start=\"308\" data-end=\"331\">2-Pocket Biker Shorts<\/strong> und die <strong data-start=\"276\" data-end=\"301\">2-Pocket Sportleggings<\/strong>. Beide wurden speziell f\u00fcr Menschen mit Diabetes entwickelt, die ihre Insulinpumpe sicher, diskret und komfortabel tragen m\u00f6chten \u2013 egal ob beim Sport, bei der Arbeit, auf Reisen oder im Alltag. <\/p>\n<p data-start=\"530\" data-end=\"863\">Sowohl die Leggings als auch die Shorts sind mit <strong data-start=\"579\" data-end=\"603\">zwei tiefen Seitentaschen<\/strong> ausgestattet, ideal platziert, um Ihre Pumpe sicher zu halten. Dank der diskreten \u00d6ffnung an der Innenseite der Taschen kann das Infusionsset ordentlich durchgef\u00fchrt werden, sodass nichts herumbaumelt und das Risiko des H\u00e4ngenbleibens oder Besch\u00e4digens der Pumpe auf ein Minimum reduziert wird. <\/p>\n<p data-start=\"865\" data-end=\"1179\">Die <strong data-start=\"872\" data-end=\"888\">Sportleggings<\/strong> bieten volle Abdeckung und Unterst\u00fctzung bei intensiven Workouts, beim Laufen oder an einem gesch\u00e4ftigen Tag. Die <strong data-start=\"1001\" data-end=\"1015\">Biker Shorts<\/strong> sind ideal f\u00fcr warme Tage, Indoor-Training oder um sie diskret unter einem Kleid zu tragen. In jeder Situation sind Sie mit diesem Kombi-Angebot bestens vorbereitet.  <\/p>\n<p data-start=\"1181\" data-end=\"1543\">Das weiche, atmungsaktive und dehnbare Material beider Produkte passt sich Ihrem K\u00f6rper an, f\u00fchlt sich angenehm auf der Haut an und bewegt sich geschmeidig mit. Neben Ihrer Insulinpumpe gibt es gen\u00fcgend Platz f\u00fcr weitere Essentials wie Handy, Schl\u00fcssel oder Karten. Funktional, stilvoll und bequem \u2013 das ist die Kombination, die Ihr t\u00e4gliches Leben und Ihr Sportprogramm erleichtert.   <\/p>\n<p data-start=\"1181\" data-end=\"1543\"><span style=\"text-decoration: underline;\"><strong>Produktspezifikationen<\/strong><\/span>:<br \/>\n<strong>Material<\/strong>: 90% Polyester, 10% Elasthan<br \/>\n<strong>Gr\u00f6\u00dfen<\/strong>: S \/ M \/ L \/ XL<br \/>\n<strong>Farbe<\/strong>: Schwarz<br \/>\n<strong>Anzahl der Taschen<\/strong>: 2 pro Produkt<br \/>\n<strong>Taschenposition<\/strong>: Seitlich<br \/>\n<strong>Waschhinweise<\/strong>: Siehe Etikett im Kleidungsst\u00fcck<\/p>\n","protected":false},"excerpt":{"rendered":"<p>Mit unserem exklusiven Kombi-Angebot erhalten Sie das Beste aus zwei Welten: die 2-Pocket Biker Shorts und die 2-Pocket Sportleggings. Beide wurden speziell f\u00fcr Menschen mit Diabetes entwickelt, die ihre Insulinpumpe sicher, diskret und komfortabel tragen m\u00f6chten \u2013 egal ob beim Sport, bei der Arbeit, auf Reisen oder im Alltag. Sowohl die Leggings als auch die [&hellip;]<\/p>\n","protected":false},"featured_media":6670,"comment_status":"open","ping_status":"closed","template":"","meta":[],"product_brand":[],"product_cat":[188,190,189],"product_tag":[],"class_list":{"0":"post-6674","1":"product","2":"type-product","3":"status-publish","4":"has-post-thumbnail","6":"product_cat-kleidung","7":"product_cat-bikershort","8":"product_cat-sportlegging","9":"pa_kleur-dunkelblau","10":"pa_kleur-dunkelgrun","11":"pa_kleur-dunkelrosa","12":"pa_kleur-schwarz","14":"first","15":"instock","16":"sale","17":"taxable","18":"shipping-taxable","19":"purchasable","20":"product-type-variable"},"jetpack_sharing_enabled":true,"_links":{"self":[{"href":"https:\/\/diabeticswear.com\/de\/wp-json\/wp\/v2\/product\/6674","targetHints":{"allow":["GET"]}}],"collection":[{"href":"https:\/\/diabeticswear.com\/de\/wp-json\/wp\/v2\/product"}],"about":[{"href":"https:\/\/diabeticswear.com\/de\/wp-json\/wp\/v2\/types\/product"}],"replies":[{"embeddable":true,"href":"https:\/\/diabeticswear.com\/de\/wp-json\/wp\/v2\/comments?post=6674"}],"wp:featuredmedia":[{"embeddable":true,"href":"https:\/\/diabeticswear.com\/de\/wp-json\/wp\/v2\/media\/6670"}],"wp:attachment":[{"href":"https:\/\/diabeticswear.com\/de\/wp-json\/wp\/v2\/media?parent=6674"}],"wp:term":[{"taxonomy":"product_brand","embeddable":true,"href":"https:\/\/diabeticswear.com\/de\/wp-json\/wp\/v2\/product_brand?post=6674"},{"taxonomy":"product_cat","embeddable":true,"href":"https:\/\/diabeticswear.com\/de\/wp-json\/wp\/v2\/product_cat?post=6674"},{"taxonomy":"product_tag","embeddable":true,"href":"https:\/\/diabeticswear.com\/de\/wp-json\/wp\/v2\/product_tag?post=6674"}],"curies":[{"name":"wp","href":"https:\/\/api.w.org\/{rel}","templated":true}]}}