{"id":6865,"date":"2025-08-25T11:03:37","date_gmt":"2025-08-25T10:03:37","guid":{"rendered":"https:\/\/diabeticswear.com\/product\/neuropathie-kompressionssocken-lang\/"},"modified":"2025-09-16T14:22:06","modified_gmt":"2025-09-16T13:22:06","slug":"neuropathie-kompressionssocken-lang","status":"publish","type":"product","link":"https:\/\/diabeticswear.com\/de\/product\/neuropathie-kompressionssocken-lang\/","title":{"rendered":"Neuropathie Kompressionssocken &#8211; Lang"},"content":{"rendered":"<p>Fast die H\u00e4lfte aller Menschen mit Diabetes entwickelt leider fr\u00fcher oder sp\u00e4ter eine Neuropathie. Dies ist eine Erkrankung, bei der Nerven gesch\u00e4digt werden, was zu Symptomen wie Kribbeln, Taubheitsgef\u00fchl, brennenden Schmerzen oder Schwellungen in F\u00fc\u00dfen und Beinen f\u00fchrt. Diese Beschwerden haben oft gro\u00dfe Auswirkungen auf den Alltag und erfordern zus\u00e4tzliche Pflege und Schutz.  <\/p>\n<p data-start=\"695\" data-end=\"863\">Unsere speziell entwickelten Kompressionssocken f\u00fcr Neuropathie sind darauf ausgelegt, diese Beschwerden zu lindern und den F\u00fc\u00dfen die Unterst\u00fctzung zu geben, die sie verdienen.<\/p>\n<p data-start=\"695\" data-end=\"863\"><strong>\u2705 Vorteile auf einen Blick:<\/strong><\/p>\n<ul>\n<li><strong>Nicht einschn\u00fcrendes &amp; nahtloses B\u00fcndchen<\/strong> \u2013 schlie\u00dft sanft, f\u00f6rdert die gesunde Durchblutung und reduziert Druckstellen;<\/li>\n<li><strong>Nahtloses Design<\/strong> \u2013 verhindert Reibung und verringert das Risiko von Blasen oder Irritationen, perfekt f\u00fcr empfindliche diabetische Haut;<\/li>\n<li><strong>Atmungsaktives und weiches Material<\/strong> \u2013 reguliert Feuchtigkeit und h\u00e4lt die F\u00fc\u00dfe trocken, frisch und bequem, selbst bei langem Tragen;<\/li>\n<li><strong>Unterst\u00fctzung bei Neuropathie<\/strong> \u2013 f\u00f6rdert die Durchblutung und hilft, Symptome wie Kribbeln, Schmerzen und Schwellungen zu reduzieren.<\/li>\n<\/ul>\n<p data-start=\"1087\" data-end=\"1285\">Diese Socken vereinen Komfort, Schutz und medizinische Unterst\u00fctzung in einem Produkt. Perfekt f\u00fcr alle, die an Neuropathie leiden oder pr\u00e4ventiv gesunde F\u00fc\u00dfe bei Diabetes erhalten m\u00f6chten. <\/p>\n<p data-start=\"1584\" data-end=\"1628\"><strong>\ud83d\udc63 F\u00fcr wen sind diese Socken geeignet?<\/strong><br \/>\nDiese Socken sind eine ausgezeichnete Wahl f\u00fcr:<\/p>\n<ul>\n<li>Menschen mit Diabetes und\/oder Neuropathie, die t\u00e4glich zus\u00e4tzliche Fu\u00dfpflege ben\u00f6tigen;<\/li>\n<li>Alle, die empfindliche F\u00fc\u00dfe, schlechte Durchblutung oder schmerzhafte Druckstellen haben;<\/li>\n<li>Menschen, die pr\u00e4ventiv f\u00fcr gesunde F\u00fc\u00dfe und Beine sorgen m\u00f6chten, indem sie Socken tragen, die st\u00fctzen, ohne einzuengen.<\/li>\n<\/ul>\n<p>Diese Kompressionssocken bieten maximalen Komfort, praktischen Schutz und medizinische Unterst\u00fctzung. Egal ob Sie bereits an Neuropathie leiden oder Ihren F\u00fc\u00dfen einfach die beste Pflege g\u00f6nnen m\u00f6chten, diese Socken sind eine wertvolle Erg\u00e4nzung Ihrer t\u00e4glichen Routine. <\/p>\n<p><span style=\"text-decoration: underline;\"><strong>Produktspezifikationen:<br \/>\n<\/strong><\/span><strong>Material<\/strong>: 95 % Polyester, 5 % Elasthan<br \/>\n<strong>Gr\u00f6\u00dfe<\/strong>: 37\u201348<br \/>\n<strong>Geschlecht<\/strong>: Unisex<br \/>\n<strong>Farben<\/strong>: Wei\u00df \/ Schwarz<\/p>\n","protected":false},"excerpt":{"rendered":"<p>Fast die H\u00e4lfte aller Menschen mit Diabetes entwickelt leider fr\u00fcher oder sp\u00e4ter eine Neuropathie. Dies ist eine Erkrankung, bei der Nerven gesch\u00e4digt werden, was zu Symptomen wie Kribbeln, Taubheitsgef\u00fchl, brennenden Schmerzen oder Schwellungen in F\u00fc\u00dfen und Beinen f\u00fchrt. Diese Beschwerden haben oft gro\u00dfe Auswirkungen auf den Alltag und erfordern zus\u00e4tzliche Pflege und Schutz. Unsere speziell [&hellip;]<\/p>\n","protected":false},"featured_media":6409,"comment_status":"open","ping_status":"closed","template":"","meta":[],"product_brand":[],"product_cat":[188,237],"product_tag":[],"class_list":{"0":"post-6865","1":"product","2":"type-product","3":"status-publish","4":"has-post-thumbnail","6":"product_cat-kleidung","7":"product_cat-kompressionssocken","8":"pa_kleur-schwarz","9":"pa_kleur-weis","11":"first","12":"instock","13":"taxable","14":"shipping-taxable","15":"purchasable","16":"product-type-variable"},"jetpack_sharing_enabled":true,"_links":{"self":[{"href":"https:\/\/diabeticswear.com\/de\/wp-json\/wp\/v2\/product\/6865","targetHints":{"allow":["GET"]}}],"collection":[{"href":"https:\/\/diabeticswear.com\/de\/wp-json\/wp\/v2\/product"}],"about":[{"href":"https:\/\/diabeticswear.com\/de\/wp-json\/wp\/v2\/types\/product"}],"replies":[{"embeddable":true,"href":"https:\/\/diabeticswear.com\/de\/wp-json\/wp\/v2\/comments?post=6865"}],"wp:featuredmedia":[{"embeddable":true,"href":"https:\/\/diabeticswear.com\/de\/wp-json\/wp\/v2\/media\/6409"}],"wp:attachment":[{"href":"https:\/\/diabeticswear.com\/de\/wp-json\/wp\/v2\/media?parent=6865"}],"wp:term":[{"taxonomy":"product_brand","embeddable":true,"href":"https:\/\/diabeticswear.com\/de\/wp-json\/wp\/v2\/product_brand?post=6865"},{"taxonomy":"product_cat","embeddable":true,"href":"https:\/\/diabeticswear.com\/de\/wp-json\/wp\/v2\/product_cat?post=6865"},{"taxonomy":"product_tag","embeddable":true,"href":"https:\/\/diabeticswear.com\/de\/wp-json\/wp\/v2\/product_tag?post=6865"}],"curies":[{"name":"wp","href":"https:\/\/api.w.org\/{rel}","templated":true}]}}