{"id":6937,"date":"2025-08-15T11:01:30","date_gmt":"2025-08-15T10:01:30","guid":{"rendered":"https:\/\/diabeticswear.com\/product\/2-pocket-sportlegging\/"},"modified":"2025-08-15T11:01:30","modified_gmt":"2025-08-15T10:01:30","slug":"2-pocket-sportlegging","status":"publish","type":"product","link":"https:\/\/diabeticswear.com\/de\/product\/2-pocket-sportlegging\/","title":{"rendered":"2-Pocket Sportlegging"},"content":{"rendered":"<p>Die 2-Pocket Sportlegging ist speziell f\u00fcr Menschen mit Diabetes entworfen, die ihre Insulinpumpe beim Sport und im Alltag sicher, diskret und bequem tragen m\u00f6chten. Die Legging verf\u00fcgt \u00fcber zwei tiefe Seitentaschen, die ideal positioniert sind, um die Pumpe stabil zu halten. Durch die unauff\u00e4llige \u00d6ffnung in der Innenseite der Tasche wird das Infusionsset ordentlich durchgef\u00fchrt, wodurch das Risiko des H\u00e4ngenbleibens minimiert wird.  <\/p>\n<p data-start=\"660\" data-end=\"921\">Egal ob Sie spazieren gehen, laufen, Yoga machen oder einfach einen hektischen Tag haben, mit dieser Legging genie\u00dfen Sie maximale Bewegungsfreiheit und Sicherheit. Ihre Pumpe bleibt fest an Ort und Stelle, sodass Sie sich voll und ganz auf Ihre Aktivit\u00e4ten konzentrieren k\u00f6nnen. <\/p>\n<p data-start=\"660\" data-end=\"921\">Das weiche, atmungsaktive und dehnbare Material passt sich m\u00fchelos Ihrem K\u00f6rper an, f\u00fchlt sich angenehm auf der Haut an und bewegt sich sanft bei jedem Schritt mit. Die zwei praktischen Taschen bieten Platz f\u00fcr Ihre Insulinpumpe sowie f\u00fcr andere Essentials wie Telefon, Schl\u00fcssel oder Karten ganz ohne zus\u00e4tzliche Tasche. <\/p>\n<p data-start=\"923\" data-end=\"1392\"><span style=\"text-decoration: underline;\"><strong>Produktspezifikationen:<br \/>\n<\/strong><\/span><strong>Material:<\/strong> 90% Polyester, 10% Elasthan<br \/>\n<strong>Gr\u00f6\u00dfen: <\/strong>S \/ M \/ L \/ XL<br \/>\n<strong>Farbe: <\/strong>Schwarz<br \/>\n<strong>Anzahl Taschen: <\/strong>2<br \/>\n<strong>Position der Taschen<\/strong>: Zijkant<br \/>\n<strong>Waschanleitung<\/strong>: Siehe Etikett in der Legging<\/p>\n","protected":false},"excerpt":{"rendered":"<p>Die 2-Pocket Sportlegging ist speziell f\u00fcr Menschen mit Diabetes entworfen, die ihre Insulinpumpe beim Sport und im Alltag sicher, diskret und bequem tragen m\u00f6chten. Die Legging verf\u00fcgt \u00fcber zwei tiefe Seitentaschen, die ideal positioniert sind, um die Pumpe stabil zu halten. Durch die unauff\u00e4llige \u00d6ffnung in der Innenseite der Tasche wird das Infusionsset ordentlich durchgef\u00fchrt, [&hellip;]<\/p>\n","protected":false},"featured_media":5397,"comment_status":"open","ping_status":"closed","template":"","meta":[],"product_brand":[],"product_cat":[188,189],"product_tag":[],"class_list":{"0":"post-6937","1":"product","2":"type-product","3":"status-publish","4":"has-post-thumbnail","6":"product_cat-kleidung","7":"product_cat-sportlegging","8":"pa_maat-l","9":"pa_maat-m","10":"pa_maat-s","11":"pa_maat-xl","13":"first","14":"instock","15":"taxable","16":"shipping-taxable","17":"purchasable","18":"product-type-variable"},"jetpack_sharing_enabled":true,"_links":{"self":[{"href":"https:\/\/diabeticswear.com\/de\/wp-json\/wp\/v2\/product\/6937","targetHints":{"allow":["GET"]}}],"collection":[{"href":"https:\/\/diabeticswear.com\/de\/wp-json\/wp\/v2\/product"}],"about":[{"href":"https:\/\/diabeticswear.com\/de\/wp-json\/wp\/v2\/types\/product"}],"replies":[{"embeddable":true,"href":"https:\/\/diabeticswear.com\/de\/wp-json\/wp\/v2\/comments?post=6937"}],"wp:featuredmedia":[{"embeddable":true,"href":"https:\/\/diabeticswear.com\/de\/wp-json\/wp\/v2\/media\/5397"}],"wp:attachment":[{"href":"https:\/\/diabeticswear.com\/de\/wp-json\/wp\/v2\/media?parent=6937"}],"wp:term":[{"taxonomy":"product_brand","embeddable":true,"href":"https:\/\/diabeticswear.com\/de\/wp-json\/wp\/v2\/product_brand?post=6937"},{"taxonomy":"product_cat","embeddable":true,"href":"https:\/\/diabeticswear.com\/de\/wp-json\/wp\/v2\/product_cat?post=6937"},{"taxonomy":"product_tag","embeddable":true,"href":"https:\/\/diabeticswear.com\/de\/wp-json\/wp\/v2\/product_tag?post=6937"}],"curies":[{"name":"wp","href":"https:\/\/api.w.org\/{rel}","templated":true}]}}