{"id":6993,"date":"2025-08-11T00:17:58","date_gmt":"2025-08-10T23:17:58","guid":{"rendered":"https:\/\/diabeticswear.com\/product\/diabetes-2-pocket-biker-short\/"},"modified":"2025-09-26T12:53:04","modified_gmt":"2025-09-26T11:53:04","slug":"diabetes-2-pocket-biker-short","status":"publish","type":"product","link":"https:\/\/diabeticswear.com\/de\/product\/diabetes-2-pocket-biker-short\/","title":{"rendered":"Diabetes 2-Pocket Biker Short"},"content":{"rendered":"<p data-start=\"325\" data-end=\"873\">Der 2-Pocket Biker Short ist die ideale Shorts f\u00fcr Menschen mit Diabetes, die ihre Insulinpumpe sicher und komfortabel tragen m\u00f6chten sowohl im Alltag als auch beim Sport. Diese Shorts haben zwei tiefe Seitentaschen, perfekt positioniert, um deine Pumpe stabil zu halten. Dank der diskreten \u00d6ffnung an der Innenseite der Tasche k\u00f6nnen Infusionssets ordentlich durchgef\u00fchrt werden. Nichts h\u00e4ngt lose, das Risiko des H\u00e4ngenbleibens wird reduziert und du genie\u00dft volle Bewegungsfreiheit.   <\/p>\n<p>Beim Sport bietet dir diese Shorts die n\u00f6tige Freiheit. Deine Pumpe bleibt sicher an ihrem Platz. Ob du nun gehst, l\u00e4ufst oder Yoga machst \u2013 mit diesen Biker Shorts entscheidest du dich f\u00fcr Sicherheit, Funktionalit\u00e4t und volle Bewegungsfreiheit, alles in einem stilvollen Kleidungsst\u00fcck.  <\/p>\n<p data-start=\"875\" data-end=\"1164\">Au\u00dferdem eignet sich diese Biker Shorts perfekt zum Tragen unter einem Kleid, sodass du deine Insulinpumpe diskret mitnehmen kannst, ohne auf Stil oder Komfort zu verzichten. Das weiche, dehnbare Material passt sich deinem K\u00f6rper an, f\u00fchlt sich angenehm auf der Haut an und bewegt sich m\u00fchelos mit dir, egal ob zu Hause, unterwegs oder bei der Arbeit. Die zwei praktischen Taschen erm\u00f6glichen es dir, neben deiner Insulinpumpe auch dein Handy sicher mitzunehmen, ohne eine zus\u00e4tzliche Tasche zu brauchen.  <\/p>\n<p><span style=\"text-decoration: underline;\"><strong>Produktspezifikationen:<br \/>\n<\/strong><\/span><strong>Material<\/strong>: 90% Polyester, 10% Elasthan<br \/>\n<strong>Gr\u00f6\u00dfen<\/strong>: S \/ M \/ L \/ XL<br \/>\n<strong>Farben<\/strong>: Schwarz \/ Dunkelgr\u00fcn \/ Dunkelrosa \/ Dunkelblau<br \/>\n<strong>Anzahl der Taschen<\/strong>: 2<br \/>\n<strong>Taschenposition<\/strong>: Seite<br \/>\n<strong>Taschengr\u00f6\u00dfe<\/strong>: 130 mm x 85 mm<br \/>\n<strong>Waschanleitung<\/strong>: Siehe Etikett in den Biker Shorts<\/p>\n","protected":false},"excerpt":{"rendered":"<p>Der 2-Pocket Biker Short ist die ideale Shorts f\u00fcr Menschen mit Diabetes, die ihre Insulinpumpe sicher und komfortabel tragen m\u00f6chten sowohl im Alltag als auch beim Sport. Diese Shorts haben zwei tiefe Seitentaschen, perfekt positioniert, um deine Pumpe stabil zu halten. Dank der diskreten \u00d6ffnung an der Innenseite der Tasche k\u00f6nnen Infusionssets ordentlich durchgef\u00fchrt werden. [&hellip;]<\/p>\n","protected":false},"featured_media":6407,"comment_status":"open","ping_status":"closed","template":"","meta":[],"product_brand":[],"product_cat":[190,188],"product_tag":[],"class_list":{"0":"post-6993","1":"product","2":"type-product","3":"status-publish","4":"has-post-thumbnail","6":"product_cat-bikershort","7":"product_cat-kleidung","8":"pa_kleur-dunkelblau","9":"pa_kleur-dunkelgrun","10":"pa_kleur-dunkelrosa","11":"pa_kleur-schwarz","12":"pa_maat-l","13":"pa_maat-m","14":"pa_maat-s","15":"pa_maat-xl","17":"first","18":"instock","19":"taxable","20":"shipping-taxable","21":"purchasable","22":"product-type-variable"},"jetpack_sharing_enabled":true,"_links":{"self":[{"href":"https:\/\/diabeticswear.com\/de\/wp-json\/wp\/v2\/product\/6993","targetHints":{"allow":["GET"]}}],"collection":[{"href":"https:\/\/diabeticswear.com\/de\/wp-json\/wp\/v2\/product"}],"about":[{"href":"https:\/\/diabeticswear.com\/de\/wp-json\/wp\/v2\/types\/product"}],"replies":[{"embeddable":true,"href":"https:\/\/diabeticswear.com\/de\/wp-json\/wp\/v2\/comments?post=6993"}],"wp:featuredmedia":[{"embeddable":true,"href":"https:\/\/diabeticswear.com\/de\/wp-json\/wp\/v2\/media\/6407"}],"wp:attachment":[{"href":"https:\/\/diabeticswear.com\/de\/wp-json\/wp\/v2\/media?parent=6993"}],"wp:term":[{"taxonomy":"product_brand","embeddable":true,"href":"https:\/\/diabeticswear.com\/de\/wp-json\/wp\/v2\/product_brand?post=6993"},{"taxonomy":"product_cat","embeddable":true,"href":"https:\/\/diabeticswear.com\/de\/wp-json\/wp\/v2\/product_cat?post=6993"},{"taxonomy":"product_tag","embeddable":true,"href":"https:\/\/diabeticswear.com\/de\/wp-json\/wp\/v2\/product_tag?post=6993"}],"curies":[{"name":"wp","href":"https:\/\/api.w.org\/{rel}","templated":true}]}}