{"id":7178,"date":"2024-10-07T21:32:44","date_gmt":"2024-10-07T19:32:44","guid":{"rendered":"https:\/\/diabeticswear.com\/product\/v-ausschnitt-t-shirt-mit-2-taschen\/"},"modified":"2025-12-16T11:53:31","modified_gmt":"2025-12-16T10:53:31","slug":"v-ausschnitt-t-shirt-mit-2-taschen","status":"publish","type":"product","link":"https:\/\/diabeticswear.com\/de\/product\/v-ausschnitt-t-shirt-mit-2-taschen\/","title":{"rendered":"V-AUSSCHNITT | T-Shirt mit 2 Taschen"},"content":{"rendered":"<p style=\"text-align: left;\">F\u00fcr Menschen mit Diabetes, die eine Insulinpumpe verwenden, ist Komfort im Alltag keine Luxusfrage, sondern eine Notwendigkeit. Dieses speziell entwickelte T-Shirt bietet eine clevere, stilvolle und praktische L\u00f6sung, um Ihre Pumpe zu tragen ohne Aufwand und ohne Kompromisse beim Stil. <\/p>\n<p>Auf der Vorderseite befinden sich zwei integrierte Taschen, die strategisch platziert sind, um Ihre Insulinpumpe sicher und diskret zu verstauen. Ob bei der Arbeit, beim Einkaufen oder einfach zu Hause, Ihre Pumpe ist sicher verstaut. Im Inneren des Shirts befinden sich zwei kleine \u00d6ffnungen, durch die der Schlauch der Pumpe diskret und sicher zum K\u00f6rper gef\u00fchrt werden kann. So h\u00e4ngt der Schlauch nicht lose und bleibt unter der Kleidung diskret.   <\/p>\n<p style=\"text-align: left;\">Das T-Shirt besteht aus 100 % Baumwolle, was f\u00fcr eine weiche, atmungsaktive und langlebige Passform sorgt, die f\u00fcr den t\u00e4glichen Gebrauch geeignet ist. Der Stoff f\u00fchlt sich angenehm auf der Haut an, auch bei l\u00e4ngerem Tragen oder an warmen Tagen. Die Taschen schlie\u00dfen mit Klettverschluss und halten Ihre Pumpe auch bei viel Bewegung sicher an ihrem Platz.  <\/p>\n<p>Dieses T-Shirt wurde mit viel Liebe zum Detail und den Bed\u00fcrfnissen der Nutzer entworfen. Es gibt Menschen mit Diabetes mehr Freiheit, Sicherheit und Selbstvertrauen\u2014genau das, was Sie brauchen, um sich auf andere Dinge zu konzentrieren als Ihre Pumpe. <\/p>\n<p><span style=\"text-decoration: underline;\"><em><strong>HINWEIS:<\/strong><\/em><\/span><em><strong> <\/strong><\/em><em>Das T-Shirt f\u00e4llt gro\u00df aus. Wir empfehlen, eine Nummer kleiner als gewohnt zu bestellen. \u00dcberpr\u00fcfen Sie die Gr\u00f6\u00dfentabelle oder kontaktieren Sie uns unter info@diabeticswear.com.  <\/em><\/p>\n<p><span style=\"text-decoration: underline;\"><strong>Produktspezifikationen<\/strong><\/span>:<br \/>\n<strong>Material<\/strong>: 100% Baumwolle<br \/>\n<strong>Gr\u00f6\u00dfen<\/strong>: XS (nur in Wei\u00df erh\u00e4ltlich) \/ S \/ M \/ L \/ XL \/ XXL (nur in Schwarz erh\u00e4ltlich) <em><br \/>\n<\/em><strong>Farben<\/strong>: Wei\u00df \/ Schwarz<br \/>\n<strong>Anzahl der Taschen<\/strong>: 2<br \/>\n<strong>Position Taschen<\/strong>: Vorne<br \/>\n<strong>Taschengr\u00f6\u00dfe<\/strong>: 138 mm x 117 mm<br \/>\n<strong>Verschlussart<\/strong>: Klettverschluss<br \/>\n<strong>Waschanleitung<\/strong>: Siehe Etikett im Hemd<\/p>\n","protected":false},"excerpt":{"rendered":"<p>F\u00fcr Menschen mit Diabetes, die eine Insulinpumpe verwenden, ist Komfort im Alltag keine Luxusfrage, sondern eine Notwendigkeit. Dieses speziell entwickelte T-Shirt bietet eine clevere, stilvolle und praktische L\u00f6sung, um Ihre Pumpe zu tragen ohne Aufwand und ohne Kompromisse beim Stil. Auf der Vorderseite befinden sich zwei integrierte Taschen, die strategisch platziert sind, um Ihre Insulinpumpe [&hellip;]<\/p>\n","protected":false},"featured_media":6405,"comment_status":"open","ping_status":"closed","template":"","meta":[],"product_brand":[],"product_cat":[188,279],"product_tag":[],"class_list":{"0":"post-7178","1":"product","2":"type-product","3":"status-publish","4":"has-post-thumbnail","6":"product_cat-kleidung","7":"product_cat-t-shirts","8":"pa_kleur-schwarz","9":"pa_kleur-weis","10":"pa_maat-l","11":"pa_maat-m","12":"pa_maat-s","13":"pa_maat-xl","14":"pa_maat-xs","15":"pa_maat-xxl","17":"first","18":"instock","19":"taxable","20":"shipping-taxable","21":"purchasable","22":"product-type-variable"},"jetpack_sharing_enabled":true,"_links":{"self":[{"href":"https:\/\/diabeticswear.com\/de\/wp-json\/wp\/v2\/product\/7178","targetHints":{"allow":["GET"]}}],"collection":[{"href":"https:\/\/diabeticswear.com\/de\/wp-json\/wp\/v2\/product"}],"about":[{"href":"https:\/\/diabeticswear.com\/de\/wp-json\/wp\/v2\/types\/product"}],"replies":[{"embeddable":true,"href":"https:\/\/diabeticswear.com\/de\/wp-json\/wp\/v2\/comments?post=7178"}],"wp:featuredmedia":[{"embeddable":true,"href":"https:\/\/diabeticswear.com\/de\/wp-json\/wp\/v2\/media\/6405"}],"wp:attachment":[{"href":"https:\/\/diabeticswear.com\/de\/wp-json\/wp\/v2\/media?parent=7178"}],"wp:term":[{"taxonomy":"product_brand","embeddable":true,"href":"https:\/\/diabeticswear.com\/de\/wp-json\/wp\/v2\/product_brand?post=7178"},{"taxonomy":"product_cat","embeddable":true,"href":"https:\/\/diabeticswear.com\/de\/wp-json\/wp\/v2\/product_cat?post=7178"},{"taxonomy":"product_tag","embeddable":true,"href":"https:\/\/diabeticswear.com\/de\/wp-json\/wp\/v2\/product_tag?post=7178"}],"curies":[{"name":"wp","href":"https:\/\/api.w.org\/{rel}","templated":true}]}}