{"id":6912,"date":"2025-08-18T09:54:19","date_gmt":"2025-08-18T08:54:19","guid":{"rendered":"https:\/\/diabeticswear.com\/product\/calcetines-de-compresion-para-neuropatia-cortos\/"},"modified":"2026-02-28T23:48:09","modified_gmt":"2026-02-28T22:48:09","slug":"calcetines-de-compresion-para-neuropatia-cortos","status":"publish","type":"product","link":"https:\/\/diabeticswear.com\/es\/product\/calcetines-de-compresion-para-neuropatia-cortos\/","title":{"rendered":"Calcetines de compresi\u00f3n para neuropat\u00eda \u2013 Cortos"},"content":{"rendered":"<p>Casi la mitad de todas las personas con diabetes desarrolla lamentablemente neuropat\u00eda tarde o temprano. Es una afecci\u00f3n en la que los nervios se da\u00f1an, lo que provoca s\u00edntomas como hormigueo, entumecimiento, dolor ardiente o hinchaz\u00f3n en los pies y piernas. Estas molestias suelen tener un gran impacto en la vida diaria y requieren cuidados y protecci\u00f3n adicionales.  <\/p>\n<p data-start=\"695\" data-end=\"863\">Nuestros calcetines de compresi\u00f3n especialmente dise\u00f1ados para la neuropat\u00eda est\u00e1n creados para aliviar estos s\u00edntomas y proporcionar el apoyo que tus pies merecen.<\/p>\n<p data-start=\"695\" data-end=\"863\"><strong>\u2705 Beneficios de un vistazo:<\/strong><\/p>\n<ul>\n<li><strong>Pu\u00f1o no restrictivo &amp; sin costuras<\/strong> \u2013 se ajusta suavemente sin apretar, favorece la circulaci\u00f3n sangu\u00ednea saludable y reduce las marcas de presi\u00f3n;<\/li>\n<li><strong>Dise\u00f1o sin costuras<\/strong> \u2013 evita la fricci\u00f3n y reduce el riesgo de ampollas o irritaciones, perfecto para la piel sensible de los diab\u00e9ticos;<\/li>\n<li><strong>Material transpirable y suave<\/strong> \u2013 regula la humedad y mantiene los pies secos, frescos y c\u00f3modos, incluso durante un uso prolongado;<\/li>\n<li><strong>Apoyo en neuropat\u00eda<\/strong> \u2013 estimula la circulaci\u00f3n y ayuda a reducir s\u00edntomas como hormigueo, dolor e hinchaz\u00f3n.<\/li>\n<\/ul>\n<p data-start=\"1087\" data-end=\"1285\">Estos calcetines combinan comodidad, protecci\u00f3n y apoyo m\u00e9dico en un solo producto. Perfectos para cualquier persona que sufra neuropat\u00eda o como prevenci\u00f3n para pies sanos en la diabetes. <\/p>\n<p data-start=\"1584\" data-end=\"1628\"><strong>\ud83d\udc63 \u00bfPara qui\u00e9n son adecuados estos calcetines?<\/strong><br \/>\nEstos calcetines son una excelente opci\u00f3n para:<\/p>\n<ul>\n<li>Personas con diabetes y\/o neuropat\u00eda que necesitan cuidados adicionales diarios para sus pies;<\/li>\n<li>Cualquiera que sufra pies sensibles, mala circulaci\u00f3n o dolorosos puntos de presi\u00f3n;<\/li>\n<li>Personas que quieran prevenir problemas usando calcetines que apoyen sin apretar.<\/li>\n<\/ul>\n<p>Estos calcetines de compresi\u00f3n ofrecen la m\u00e1xima comodidad, protecci\u00f3n pr\u00e1ctica y apoyo m\u00e9dico. Tanto si ya sufres neuropat\u00eda como si simplemente deseas dar a tus pies el mejor cuidado, estos calcetines son una valiosa adici\u00f3n a tu rutina diaria. <\/p>\n<p><span style=\"text-decoration: underline;\"><strong>Especificaciones del producto:<br \/>\n<\/strong><\/span><strong>Material<\/strong>: 95% poli\u00e9ster, 5% elastano<br \/>\n<strong>Talla<\/strong>: 37\u201348<br \/>\n<strong>G\u00e9nero<\/strong>: Unisex<br \/>\n<strong>Colores<\/strong>: Blanco \/ Negro<\/p>\n<p data-start=\"564\" data-end=\"1085\">\n","protected":false},"excerpt":{"rendered":"<p>Casi la mitad de todas las personas con diabetes desarrolla lamentablemente neuropat\u00eda tarde o temprano. Es una afecci\u00f3n en la que los nervios se da\u00f1an, lo que provoca s\u00edntomas como hormigueo, entumecimiento, dolor ardiente o hinchaz\u00f3n en los pies y piernas. Estas molestias suelen tener un gran impacto en la vida diaria y requieren cuidados [&hellip;]<\/p>\n","protected":false},"featured_media":6902,"comment_status":"open","ping_status":"closed","template":"","meta":[],"product_brand":[],"product_cat":[241,218],"product_tag":[],"class_list":{"0":"post-6912","1":"product","2":"type-product","3":"status-publish","4":"has-post-thumbnail","6":"product_cat-calcetines-de-compresion","7":"product_cat-ropa","8":"pa_kleur-blanco","9":"pa_kleur-negro","11":"first","12":"instock","13":"taxable","14":"shipping-taxable","15":"purchasable","16":"product-type-variable"},"jetpack_sharing_enabled":true,"_links":{"self":[{"href":"https:\/\/diabeticswear.com\/es\/wp-json\/wp\/v2\/product\/6912","targetHints":{"allow":["GET"]}}],"collection":[{"href":"https:\/\/diabeticswear.com\/es\/wp-json\/wp\/v2\/product"}],"about":[{"href":"https:\/\/diabeticswear.com\/es\/wp-json\/wp\/v2\/types\/product"}],"replies":[{"embeddable":true,"href":"https:\/\/diabeticswear.com\/es\/wp-json\/wp\/v2\/comments?post=6912"}],"wp:featuredmedia":[{"embeddable":true,"href":"https:\/\/diabeticswear.com\/es\/wp-json\/wp\/v2\/media\/6902"}],"wp:attachment":[{"href":"https:\/\/diabeticswear.com\/es\/wp-json\/wp\/v2\/media?parent=6912"}],"wp:term":[{"taxonomy":"product_brand","embeddable":true,"href":"https:\/\/diabeticswear.com\/es\/wp-json\/wp\/v2\/product_brand?post=6912"},{"taxonomy":"product_cat","embeddable":true,"href":"https:\/\/diabeticswear.com\/es\/wp-json\/wp\/v2\/product_cat?post=6912"},{"taxonomy":"product_tag","embeddable":true,"href":"https:\/\/diabeticswear.com\/es\/wp-json\/wp\/v2\/product_tag?post=6912"}],"curies":[{"name":"wp","href":"https:\/\/api.w.org\/{rel}","templated":true}]}}