{"id":6470,"date":"2024-09-12T21:54:00","date_gmt":"2024-09-12T20:54:00","guid":{"rendered":"https:\/\/diabeticswear.com\/politique-de-confidentialite\/"},"modified":"2025-10-02T08:13:50","modified_gmt":"2025-10-02T07:13:50","slug":"politique-de-confidentialite","status":"publish","type":"page","link":"https:\/\/diabeticswear.com\/fr\/politique-de-confidentialite\/","title":{"rendered":"Politique de confidentialit\u00e9"},"content":{"rendered":"\n<h2 class=\"wp-block-heading\">Qui sommes-nous<\/h2>\n\n<p><strong class=\"privacy-policy-tutorial\">L\u2019adresse de notre site est<\/strong>: https:\/\/diabeticswear.com<\/p>\n\n<h2 class=\"wp-block-heading\">Commentaires<\/h2>\n\n<p><strong class=\"privacy-policy-tutorial\">Quand les visiteurs laissent un commentaire sur le site, nous collectons les donn\u00e9es indiqu\u00e9es dans le formulaire de commentaire, ainsi que l\u2019adresse IP du visiteur et l\u2019agent utilisateur du navigateur afin d\u2019aider \u00e0 la d\u00e9tection du spam.<\/strong><\/p>\n\n<p>Une cha\u00eene anonymis\u00e9e cr\u00e9\u00e9e \u00e0 partir de ton adresse e-mail (aussi appel\u00e9e hash) peut \u00eatre fournie au service Gravatar pour v\u00e9rifier si tu l\u2019utilises. La politique de confidentialit\u00e9 du service Gravatar est disponible ici : https:\/\/automattic.com\/privacy\/. Apr\u00e8s approbation de ton commentaire, ta photo de profil est visible publiquement dans le contexte de ton commentaire. <\/p>\n\n<h2 class=\"wp-block-heading\">M\u00e9dias<\/h2>\n\n<p><strong class=\"privacy-policy-tutorial\">Si tu es un utilisateur enregistr\u00e9 et que tu t\u00e9l\u00e9verses des images sur le site, tu devrais \u00e9viter de t\u00e9l\u00e9verser des images contenant des donn\u00e9es de localisation EXIF GPS. Les visiteurs du site peuvent t\u00e9l\u00e9charger et extraire toutes les donn\u00e9es de localisation \u00e0 partir des images pr\u00e9sentes sur le site.<\/strong> <\/p>\n\n<h2 class=\"wp-block-heading\">Cookies<\/h2>\n\n<p><strong class=\"privacy-policy-tutorial\">Si tu laisses un commentaire sur notre site, il te sera propos\u00e9 d\u2019enregistrer ton nom, ton adresse e-mail et ton site web dans des cookies. C\u2019est pour ta commodit\u00e9 afin de ne pas avoir \u00e0 saisir \u00e0 nouveau ces informations si tu laisses un autre commentaire. Ces cookies expirent au bout d\u2019un an.<\/strong>  <\/p>\n\n<p>Si tu vas sur la page de connexion, un cookie temporaire sera cr\u00e9\u00e9 afin de v\u00e9rifier si ton navigateur accepte les cookies. Il ne contient pas de donn\u00e9es personnelles et sera supprim\u00e9 \u00e0 la fermeture de ton navigateur. <\/p>\n\n<p>Lorsque tu te connectes, nous mettons en place plusieurs cookies pour enregistrer tes informations de connexion et tes pr\u00e9f\u00e9rences d\u2019affichage. La dur\u00e9e de vie d\u2019un cookie de connexion est de deux jours, celle d\u2019un cookie d\u2019option d\u2019\u00e9cran est d\u2019un an. Si tu coches \u00ab Se souvenir de moi \u00bb, ton cookie de connexion sera conserv\u00e9 pendant deux semaines. Lorsque tu te d\u00e9connectes de ton compte, le cookie de connexion est effac\u00e9.   <\/p>\n\n<p>En modifiant ou en publiant un article, un cookie suppl\u00e9mentaire sera enregistr\u00e9 dans ton navigateur. Ce cookie ne contient aucune donn\u00e9e personnelle. Il indique simplement l\u2019ID de l\u2019article que tu viens de modifier. Il expire au bout d\u2019un jour.  <\/p>\n\n<h2 class=\"wp-block-heading\">Contenus int\u00e9gr\u00e9s d\u2019autres sites<\/h2>\n\n<p><strong class=\"privacy-policy-tutorial\">Les articles de ce site peuvent inclure des contenus int\u00e9gr\u00e9s (par exemple des vid\u00e9os, images, articles, etc.). Le contenu int\u00e9gr\u00e9 depuis d\u2019autres sites se comporte de la m\u00eame mani\u00e8re que si le visiteur se rendait sur cet autre site.<\/strong> <\/p>\n\n<p>Ces sites web peuvent collecter des donn\u00e9es sur toi, utiliser des cookies, embarquer des outils de suivis tiers, suivre tes interactions avec ces contenus int\u00e9gr\u00e9s si tu disposes d\u2019un compte connect\u00e9 sur leur site web.<\/p>\n\n<h2 class=\"wp-block-heading\">Avec qui nous partageons vos donn\u00e9es<\/h2>\n\n<p><strong class=\"privacy-policy-tutorial\">Si tu demandes une r\u00e9initialisation de mot de passe, ton adresse IP sera incluse dans l\u2019e-mail de r\u00e9initialisation.<\/strong><\/p>\n\n<h2 class=\"wp-block-heading\">Dur\u00e9e de stockage de vos donn\u00e9es<\/h2>\n\n<p><strong class=\"privacy-policy-tutorial\">Si tu laisses un commentaire, le commentaire et ses m\u00e9tadonn\u00e9es sont conserv\u00e9s ind\u00e9finiment. Cela permet de reconna\u00eetre et approuver automatiquement les commentaires suivants au lieu de les laisser dans la file de mod\u00e9ration.<\/strong> <\/p>\n\n<p>Pour les utilisateurs qui s\u2019inscrivent sur notre site (si possible), nous stockons \u00e9galement les donn\u00e9es personnelles indiqu\u00e9es dans leur profil. Tous les utilisateurs peuvent voir, modifier ou supprimer leurs informations personnelles \u00e0 tout moment (\u00e0 l\u2019exception de leur identifiant). Les administrateurs du site peuvent aussi voir et modifier ces informations.  <\/p>\n\n<h2 class=\"wp-block-heading\">Tes droits sur tes donn\u00e9es<\/h2>\n\n<p><strong class=\"privacy-policy-tutorial\">Si tu as un compte ou si tu as laiss\u00e9 des commentaires sur le site, tu peux demander \u00e0 recevoir un fichier contenant toutes les donn\u00e9es personnelles que nous poss\u00e9dons \u00e0 ton sujet, incluant celles que tu nous as fournies. Tu peux \u00e9galement demander la suppression des donn\u00e9es personnelles te concernant. Cela n\u2019inclut pas les donn\u00e9es conserv\u00e9es \u00e0 des fins administratives, l\u00e9gales ou de s\u00e9curit\u00e9.<\/strong>  <\/p>\n\n<h2 class=\"wp-block-heading\">O\u00f9 vos donn\u00e9es sont envoy\u00e9es<\/h2>\n\n<p><strong class=\"privacy-policy-tutorial\">Les commentaires des visiteurs peuvent \u00eatre v\u00e9rifi\u00e9s \u00e0 l\u2019aide d\u2019un service automatis\u00e9 de d\u00e9tection de spam.<\/strong><\/p>\n","protected":false},"excerpt":{"rendered":"<p>Qui sommes-nous L\u2019adresse de notre site est: https:\/\/diabeticswear.com Commentaires Quand les visiteurs laissent un commentaire sur le site, nous collectons les donn\u00e9es indiqu\u00e9es dans le formulaire de commentaire, ainsi que l\u2019adresse IP du visiteur et l\u2019agent utilisateur du navigateur afin d\u2019aider \u00e0 la d\u00e9tection du spam. Une cha\u00eene anonymis\u00e9e cr\u00e9\u00e9e \u00e0 partir de ton adresse [&hellip;]<\/p>\n","protected":false},"author":1,"featured_media":0,"parent":0,"menu_order":0,"comment_status":"closed","ping_status":"closed","template":"","meta":{"footnotes":""},"class_list":["post-6470","page","type-page","status-publish","hentry"],"jetpack_sharing_enabled":true,"_links":{"self":[{"href":"https:\/\/diabeticswear.com\/fr\/wp-json\/wp\/v2\/pages\/6470","targetHints":{"allow":["GET"]}}],"collection":[{"href":"https:\/\/diabeticswear.com\/fr\/wp-json\/wp\/v2\/pages"}],"about":[{"href":"https:\/\/diabeticswear.com\/fr\/wp-json\/wp\/v2\/types\/page"}],"author":[{"embeddable":true,"href":"https:\/\/diabeticswear.com\/fr\/wp-json\/wp\/v2\/users\/1"}],"replies":[{"embeddable":true,"href":"https:\/\/diabeticswear.com\/fr\/wp-json\/wp\/v2\/comments?post=6470"}],"version-history":[{"count":1,"href":"https:\/\/diabeticswear.com\/fr\/wp-json\/wp\/v2\/pages\/6470\/revisions"}],"predecessor-version":[{"id":6471,"href":"https:\/\/diabeticswear.com\/fr\/wp-json\/wp\/v2\/pages\/6470\/revisions\/6471"}],"wp:attachment":[{"href":"https:\/\/diabeticswear.com\/fr\/wp-json\/wp\/v2\/media?parent=6470"}],"curies":[{"name":"wp","href":"https:\/\/api.w.org\/{rel}","templated":true}]}}