{"id":6625,"date":"2025-09-01T12:28:19","date_gmt":"2025-09-01T11:28:19","guid":{"rendered":"https:\/\/diabeticswear.com\/product\/biker-short-2-poches-legging-de-sport-2-poches\/"},"modified":"2025-10-07T11:36:49","modified_gmt":"2025-10-07T10:36:49","slug":"biker-short-2-poches-legging-de-sport-2-poches","status":"publish","type":"product","link":"https:\/\/diabeticswear.com\/fr\/product\/biker-short-2-poches-legging-de-sport-2-poches\/","title":{"rendered":"Biker Short 2 poches + Legging de sport 2 poches"},"content":{"rendered":"<p data-start=\"204\" data-end=\"528\">Avec notre offre combin\u00e9e exclusive, vous obtenez le meilleur des deux mondes : le <strong data-start=\"308\" data-end=\"331\">Biker Short 2 poches<\/strong> et le <strong data-start=\"276\" data-end=\"301\">Legging de sport 2 poches<\/strong>. Tous deux sont sp\u00e9cialement con\u00e7us pour les personnes diab\u00e9tiques qui veulent porter leur pompe \u00e0 insuline en toute s\u00e9curit\u00e9, confortablement et discr\u00e8tement \u2013 que ce soit pour le sport, le travail, les voyages ou les activit\u00e9s quotidiennes. <\/p>\n<p data-start=\"530\" data-end=\"863\">Le legging comme le short sont \u00e9quip\u00e9s de <strong data-start=\"579\" data-end=\"603\">deux poches lat\u00e9rales profondes<\/strong>, id\u00e9alement plac\u00e9es pour maintenir votre pompe en toute s\u00e9curit\u00e9. Gr\u00e2ce \u00e0 l\u2019ouverture discr\u00e8te \u00e0 l\u2019int\u00e9rieur des poches, le cath\u00e9ter peut \u00eatre guid\u00e9 proprement, \u00e9vitant ainsi que quoi que ce soit ne pende et r\u00e9duisant au minimum le risque d\u2019accrochage ou d\u2019endommagement de votre pompe. <\/p>\n<p data-start=\"865\" data-end=\"1179\">Le <strong data-start=\"872\" data-end=\"888\">legging de sport offre<\/strong> une couverture compl\u00e8te et un maintien optimal lors d\u2019entra\u00eenements intensifs, de courses ou d\u2019une journ\u00e9e active. Le <strong data-start=\"1001\" data-end=\"1015\">Biker Short<\/strong> est id\u00e9al pour les journ\u00e9es chaudes, les entra\u00eenements en salle ou \u00e0 porter discr\u00e8tement sous une robe. Quelle que soit la situation, ce pack vous pr\u00e9pare \u00e0 tout.  <\/p>\n<p data-start=\"1181\" data-end=\"1543\">Le tissu doux, respirant et extensible de ces deux produits s\u2019adapte \u00e0 votre corps, est agr\u00e9able sur la peau et accompagne chacun de vos mouvements. En plus de votre pompe \u00e0 insuline, il y a suffisamment de place pour vos essentiels comme votre t\u00e9l\u00e9phone, vos cl\u00e9s ou vos cartes. Fonctionnel, \u00e9l\u00e9gant et confortable. C\u2019est le combo qui facilite votre quotidien et vos s\u00e9ances de sport.   <\/p>\n<p data-start=\"1181\" data-end=\"1543\"><span style=\"text-decoration: underline;\"><strong>Caract\u00e9ristiques produit<\/strong><\/span>:<br \/>\n<strong>Mati\u00e8re<\/strong>: 90% polyester, 10% \u00e9lasthanne<br \/>\n<strong>Tailles<\/strong>: S \/ M \/ L \/ XL<br \/>\n<strong>Couleur<\/strong>: Noir<br \/>\n<strong>Nombre de poches<\/strong>: 2 par produit<br \/>\n<strong>Position des poches<\/strong>: C\u00f4t\u00e9<br \/>\n<strong>Instructions de lavage<\/strong>: Voir \u00e9tiquette sur les v\u00eatements<\/p>\n","protected":false},"excerpt":{"rendered":"<p>Avec notre offre combin\u00e9e exclusive, vous obtenez le meilleur des deux mondes : le Biker Short 2 poches et le Legging de sport 2 poches. Tous deux sont sp\u00e9cialement con\u00e7us pour les personnes diab\u00e9tiques qui veulent porter leur pompe \u00e0 insuline en toute s\u00e9curit\u00e9, confortablement et discr\u00e8tement \u2013 que ce soit pour le sport, le [&hellip;]<\/p>\n","protected":false},"featured_media":6621,"comment_status":"open","ping_status":"closed","template":"","meta":[],"product_brand":[],"product_cat":[173,175,174],"product_tag":[],"class_list":{"0":"post-6625","1":"product","2":"type-product","3":"status-publish","4":"has-post-thumbnail","6":"product_cat-vetements","7":"product_cat-biker-short","8":"product_cat-legging-de-sport","9":"pa_kleur-bleu-fonce","10":"pa_kleur-noir","11":"pa_kleur-rose-fonce","12":"pa_kleur-vert-fonce","14":"first","15":"instock","16":"sale","17":"taxable","18":"shipping-taxable","19":"purchasable","20":"product-type-variable"},"jetpack_sharing_enabled":true,"_links":{"self":[{"href":"https:\/\/diabeticswear.com\/fr\/wp-json\/wp\/v2\/product\/6625","targetHints":{"allow":["GET"]}}],"collection":[{"href":"https:\/\/diabeticswear.com\/fr\/wp-json\/wp\/v2\/product"}],"about":[{"href":"https:\/\/diabeticswear.com\/fr\/wp-json\/wp\/v2\/types\/product"}],"replies":[{"embeddable":true,"href":"https:\/\/diabeticswear.com\/fr\/wp-json\/wp\/v2\/comments?post=6625"}],"wp:featuredmedia":[{"embeddable":true,"href":"https:\/\/diabeticswear.com\/fr\/wp-json\/wp\/v2\/media\/6621"}],"wp:attachment":[{"href":"https:\/\/diabeticswear.com\/fr\/wp-json\/wp\/v2\/media?parent=6625"}],"wp:term":[{"taxonomy":"product_brand","embeddable":true,"href":"https:\/\/diabeticswear.com\/fr\/wp-json\/wp\/v2\/product_brand?post=6625"},{"taxonomy":"product_cat","embeddable":true,"href":"https:\/\/diabeticswear.com\/fr\/wp-json\/wp\/v2\/product_cat?post=6625"},{"taxonomy":"product_tag","embeddable":true,"href":"https:\/\/diabeticswear.com\/fr\/wp-json\/wp\/v2\/product_tag?post=6625"}],"curies":[{"name":"wp","href":"https:\/\/api.w.org\/{rel}","templated":true}]}}