{"id":6839,"date":"2025-08-25T16:18:10","date_gmt":"2025-08-25T15:18:10","guid":{"rendered":"https:\/\/diabeticswear.com\/product\/patchs-pour-pompe-a-insuline-freestyle-libre-2-40-pieces\/"},"modified":"2025-12-07T22:48:10","modified_gmt":"2025-12-07T21:48:10","slug":"patchs-pour-pompe-a-insuline-freestyle-libre-2-40-pieces","status":"publish","type":"product","link":"https:\/\/diabeticswear.com\/fr\/product\/patchs-pour-pompe-a-insuline-freestyle-libre-2-40-pieces\/","title":{"rendered":"Patchs pour pompe \u00e0 insuline Freestyle Libre 2 (30 pi\u00e8ces)"},"content":{"rendered":"<p data-start=\"198\" data-end=\"604\">Notre Patch Adh\u00e9sif est la solution id\u00e9ale pour maintenir votre capteur <strong>fermement<\/strong> et de mani\u00e8re <strong>fiable<\/strong> en place. Sp\u00e9cialement con\u00e7u pour le Freestyle Libre 2, ce patch offre une <g id=\"gid_2\">s\u00e9curit\u00e9 suppl\u00e9mentaire<\/g> lors de toutes vos activit\u00e9s quotidiennes. Que vous fassiez du sport, nagiez, preniez une douche ou simplement vaquez \u00e0 vos occupations, avec le Patch Adh\u00e9sif vous n&rsquo;avez pas \u00e0 craindre que votre capteur se d\u00e9tache ou se d\u00e9place.  <\/p>\n<p data-start=\"606\" data-end=\"984\">Fabriqu\u00e9s en mat\u00e9riau <strong>respirant, transparent et respectueux de la peau<\/strong>, les patchs sont \u00e0 peine visibles. Leur couleur transparente les rend discrets tout en offrant une protection optimale \u00e0 votre capteur. M\u00eame les peaux sensibles sont prot\u00e9g\u00e9es contre les irritations, avec un confort longue dur\u00e9e.  <\/p>\n<p data-start=\"986\" data-end=\"1241\">De plus, les patchs sont <strong>r\u00e9sistants \u00e0 l\u2019eau et \u00e0 la transpiration<\/strong>, assurant que votre capteur reste bien en place m\u00eame pendant l\u2019effort ou le contact avec l\u2019eau. Gr\u00e2ce \u00e0 leur adh\u00e9sif puissant, ils restent fix\u00e9s pendant plusieurs jours sans se d\u00e9coller. <\/p>\n<p data-start=\"1243\" data-end=\"1422\">En r\u00e9sum\u00e9 : avec les patchs pour pompe \u00e0 insuline, vous prolongez la dur\u00e9e de port de votre capteur, profitez d\u2019une plus grande libert\u00e9 au quotidien et b\u00e9n\u00e9ficiez d\u2019une protection presque invisible. Avec 30 pi\u00e8ces par paquet, vous \u00eates couvert pour une ann\u00e9e enti\u00e8re. <\/p>\n<p data-start=\"1243\" data-end=\"1422\"><span style=\"text-decoration: underline;\"><strong>Sp\u00e9cifications du produit :<\/strong><\/span><br \/>\nDimensions : 100 x 82 mm<br \/>\nCompatible avec : Freestyle Libre 2<br \/>\nQuantit\u00e9 : 30 pi\u00e8ces<br \/>\nDur\u00e9e de port : \u224814 jours<br \/>\nCouleur : Transparent<\/p>\n","protected":false},"excerpt":{"rendered":"<p>Notre Patch Adh\u00e9sif est la solution id\u00e9ale pour maintenir votre capteur fermement et de mani\u00e8re fiable en place. Sp\u00e9cialement con\u00e7u pour le Freestyle Libre 2, ce patch offre une s\u00e9curit\u00e9 suppl\u00e9mentaire lors de toutes vos activit\u00e9s quotidiennes. Que vous fassiez du sport, nagiez, preniez une douche ou simplement vaquez \u00e0 vos occupations, avec le Patch [&hellip;]<\/p>\n","protected":false},"featured_media":7588,"comment_status":"open","ping_status":"closed","template":"","meta":[],"product_brand":[],"product_cat":[224,225],"product_tag":[],"class_list":{"0":"post-6839","1":"product","2":"type-product","3":"status-publish","4":"has-post-thumbnail","6":"product_cat-divers","7":"product_cat-patchs-pour-pompe-a-insuline","9":"first","10":"instock","11":"taxable","12":"shipping-taxable","13":"purchasable","14":"product-type-simple"},"jetpack_sharing_enabled":true,"_links":{"self":[{"href":"https:\/\/diabeticswear.com\/fr\/wp-json\/wp\/v2\/product\/6839","targetHints":{"allow":["GET"]}}],"collection":[{"href":"https:\/\/diabeticswear.com\/fr\/wp-json\/wp\/v2\/product"}],"about":[{"href":"https:\/\/diabeticswear.com\/fr\/wp-json\/wp\/v2\/types\/product"}],"replies":[{"embeddable":true,"href":"https:\/\/diabeticswear.com\/fr\/wp-json\/wp\/v2\/comments?post=6839"}],"wp:featuredmedia":[{"embeddable":true,"href":"https:\/\/diabeticswear.com\/fr\/wp-json\/wp\/v2\/media\/7588"}],"wp:attachment":[{"href":"https:\/\/diabeticswear.com\/fr\/wp-json\/wp\/v2\/media?parent=6839"}],"wp:term":[{"taxonomy":"product_brand","embeddable":true,"href":"https:\/\/diabeticswear.com\/fr\/wp-json\/wp\/v2\/product_brand?post=6839"},{"taxonomy":"product_cat","embeddable":true,"href":"https:\/\/diabeticswear.com\/fr\/wp-json\/wp\/v2\/product_cat?post=6839"},{"taxonomy":"product_tag","embeddable":true,"href":"https:\/\/diabeticswear.com\/fr\/wp-json\/wp\/v2\/product_tag?post=6839"}],"curies":[{"name":"wp","href":"https:\/\/api.w.org\/{rel}","templated":true}]}}