{"id":6859,"date":"2025-08-25T11:03:37","date_gmt":"2025-08-25T10:03:37","guid":{"rendered":"https:\/\/diabeticswear.com\/product\/chaussettes-de-compression-neuropathie-longues\/"},"modified":"2025-09-16T14:22:07","modified_gmt":"2025-09-16T13:22:07","slug":"chaussettes-de-compression-neuropathie-longues","status":"publish","type":"product","link":"https:\/\/diabeticswear.com\/fr\/product\/chaussettes-de-compression-neuropathie-longues\/","title":{"rendered":"Chaussettes de compression neuropathie &#8211; Longues"},"content":{"rendered":"<p>Pr\u00e8s de la moiti\u00e9 des personnes atteintes de diab\u00e8te d\u00e9veloppent malheureusement une neuropathie t\u00f4t ou tard. Il s\u2019agit d\u2019une affection o\u00f9 les nerfs sont endommag\u00e9s, provoquant des sympt\u00f4mes tels que des picotements, un engourdissement, des douleurs br\u00fblantes ou un gonflement des pieds et des jambes. Ces d\u00e9sagr\u00e9ments ont souvent un grand impact sur la vie quotidienne et n\u00e9cessitent des soins et une protection suppl\u00e9mentaires.  <\/p>\n<p data-start=\"695\" data-end=\"863\">Nos chaussettes de compression sp\u00e9cialement con\u00e7ues pour la neuropathie sont faites pour soulager ces sympt\u00f4mes et offrir le soutien que vos pieds m\u00e9ritent.<\/p>\n<p data-start=\"695\" data-end=\"863\"><strong>\u2705 Avantages en un coup d\u2019\u0153il:<\/strong><\/p>\n<ul>\n<li><strong>Bord non serrant &amp; sans couture<\/strong> \u2013 se ferme en douceur sans comprimer, favorise une bonne circulation sanguine et r\u00e9duit les marques de pression;<\/li>\n<li><strong>Conception sans couture \u2013<\/strong> \u00e9vite les frottements et r\u00e9duit le risque d\u2019ampoules ou d\u2019irritations, id\u00e9ale pour la peau sensible des diab\u00e9tiques;<\/li>\n<li><strong>Mat\u00e9riau respirant et doux<\/strong> \u2013 r\u00e9gule l\u2019humidit\u00e9 et garde les pieds secs, frais et confortables, m\u00eame en cas de port prolong\u00e9;<\/li>\n<li><strong>Soutien en cas de neuropathie <\/strong>\u2013 stimule la circulation sanguine et aide \u00e0 r\u00e9duire les picotements, la douleur et le gonflement;<\/li>\n<\/ul>\n<p data-start=\"1087\" data-end=\"1285\">Ces chaussettes allient confort, protection et soutien m\u00e9dical en un seul produit. Parfaites pour toute personne souffrant de neuropathie ou en pr\u00e9vention pour des pieds sains en cas de diab\u00e8te. <\/p>\n<p data-start=\"1584\" data-end=\"1628\"><strong>\ud83d\udc63 Pour qui ces chaussettes sont-elles adapt\u00e9es?<\/strong><br \/>\nCes chaussettes sont un excellent choix pour:<\/p>\n<ul>\n<li>Personnes diab\u00e9tiques et\/ou atteintes de neuropathie n\u00e9cessitant des soins quotidiens suppl\u00e9mentaires pour leurs pieds;<\/li>\n<li>Toute personne souffrant de pieds sensibles, de mauvaise circulation ou de points de pression douloureux;<\/li>\n<li>Personnes souhaitant pr\u00e9venir les probl\u00e8mes en portant des chaussettes qui soutiennent sans comprimer.<\/li>\n<\/ul>\n<p>Ces chaussettes de compression associent confort maximal, protection pratique et soutien m\u00e9dical. Que vous souffriez d\u00e9j\u00e0 de neuropathie ou que vous souhaitiez simplement offrir les meilleurs soins \u00e0 vos pieds, ces chaussettes sont un compl\u00e9ment pr\u00e9cieux \u00e0 votre routine quotidienne. <\/p>\n<p><span style=\"text-decoration: underline;\"><strong>Caract\u00e9ristiques du produit:<br \/>\n<\/strong><\/span><strong>Mat\u00e9riau<\/strong>: 95 % polyester, 5 % \u00e9lasthanne<br \/>\n<strong>Taille<\/strong>: 37\u201348<br \/>\n<strong>Genre<\/strong>: Unisexe<br \/>\n<strong>Couleurs<\/strong>: Blanc \/ Noir<\/p>\n","protected":false},"excerpt":{"rendered":"<p>Pr\u00e8s de la moiti\u00e9 des personnes atteintes de diab\u00e8te d\u00e9veloppent malheureusement une neuropathie t\u00f4t ou tard. Il s\u2019agit d\u2019une affection o\u00f9 les nerfs sont endommag\u00e9s, provoquant des sympt\u00f4mes tels que des picotements, un engourdissement, des douleurs br\u00fblantes ou un gonflement des pieds et des jambes. Ces d\u00e9sagr\u00e9ments ont souvent un grand impact sur la vie [&hellip;]<\/p>\n","protected":false},"featured_media":6418,"comment_status":"open","ping_status":"closed","template":"","meta":[],"product_brand":[],"product_cat":[235,173],"product_tag":[],"class_list":{"0":"post-6859","1":"product","2":"type-product","3":"status-publish","4":"has-post-thumbnail","6":"product_cat-chaussettes-de-compression","7":"product_cat-vetements","8":"pa_kleur-blanc","9":"pa_kleur-noir","11":"first","12":"instock","13":"taxable","14":"shipping-taxable","15":"purchasable","16":"product-type-variable"},"jetpack_sharing_enabled":true,"_links":{"self":[{"href":"https:\/\/diabeticswear.com\/fr\/wp-json\/wp\/v2\/product\/6859","targetHints":{"allow":["GET"]}}],"collection":[{"href":"https:\/\/diabeticswear.com\/fr\/wp-json\/wp\/v2\/product"}],"about":[{"href":"https:\/\/diabeticswear.com\/fr\/wp-json\/wp\/v2\/types\/product"}],"replies":[{"embeddable":true,"href":"https:\/\/diabeticswear.com\/fr\/wp-json\/wp\/v2\/comments?post=6859"}],"wp:featuredmedia":[{"embeddable":true,"href":"https:\/\/diabeticswear.com\/fr\/wp-json\/wp\/v2\/media\/6418"}],"wp:attachment":[{"href":"https:\/\/diabeticswear.com\/fr\/wp-json\/wp\/v2\/media?parent=6859"}],"wp:term":[{"taxonomy":"product_brand","embeddable":true,"href":"https:\/\/diabeticswear.com\/fr\/wp-json\/wp\/v2\/product_brand?post=6859"},{"taxonomy":"product_cat","embeddable":true,"href":"https:\/\/diabeticswear.com\/fr\/wp-json\/wp\/v2\/product_cat?post=6859"},{"taxonomy":"product_tag","embeddable":true,"href":"https:\/\/diabeticswear.com\/fr\/wp-json\/wp\/v2\/product_tag?post=6859"}],"curies":[{"name":"wp","href":"https:\/\/api.w.org\/{rel}","templated":true}]}}