{"id":6932,"date":"2025-08-15T11:01:30","date_gmt":"2025-08-15T10:01:30","guid":{"rendered":"https:\/\/diabeticswear.com\/product\/legging-de-sport-2-poches\/"},"modified":"2025-08-15T11:01:30","modified_gmt":"2025-08-15T10:01:30","slug":"legging-de-sport-2-poches","status":"publish","type":"product","link":"https:\/\/diabeticswear.com\/fr\/product\/legging-de-sport-2-poches\/","title":{"rendered":"Legging de sport 2-poches"},"content":{"rendered":"<p>Le legging de sport 2-poches a \u00e9t\u00e9 sp\u00e9cialement con\u00e7u pour les personnes atteintes de diab\u00e8te qui souhaitent porter leur pompe \u00e0 insuline en toute s\u00e9curit\u00e9, discr\u00e9tion et confort pendant le sport et dans la vie quotidienne. Ce legging dispose de deux poches profondes sur les c\u00f4t\u00e9s, id\u00e9alement plac\u00e9es pour maintenir la pompe stable. Gr\u00e2ce \u00e0 l\u2019ouverture discr\u00e8te \u00e0 l\u2019int\u00e9rieur de la poche, la canule est guid\u00e9e proprement, minimisant ainsi le risque d\u2019accrochage.  <\/p>\n<p data-start=\"660\" data-end=\"921\">Que vous marchiez, couriez, fassiez du yoga ou simplement que vous ayez une journ\u00e9e bien remplie, ce legging vous offre une libert\u00e9 de mouvement maximale et une totale confiance. Votre pompe reste parfaitement en place, vous permettant de vous concentrer sur vos activit\u00e9s. <\/p>\n<p data-start=\"660\" data-end=\"921\">Le tissu doux, respirant et extensible s\u2019adapte facilement \u00e0 votre corps, agr\u00e9able sur la peau et accompagne tous vos mouvements. Les deux poches pratiques vous permettent de transporter non seulement votre pompe \u00e0 insuline mais aussi vos essentiels comme t\u00e9l\u00e9phone, cl\u00e9s ou cartes sans sac suppl\u00e9mentaire. <\/p>\n<p data-start=\"923\" data-end=\"1392\"><span style=\"text-decoration: underline;\"><strong>Sp\u00e9cifications du produit:<br \/>\n<\/strong><\/span><strong>Mati\u00e8re:<\/strong> 90% polyester, 10% \u00e9lasthanne<br \/>\n<strong>Tailles: <\/strong>S \/ M \/ L \/ XL<br \/>\n<strong>Couleur: <\/strong>Noir<br \/>\n<strong>Aantal zakjes: <\/strong>2<br \/>\n<strong>Position des poches:<\/strong> Zijkant<br \/>\n<strong>Instructions de lavage<\/strong>: Voir l\u2019\u00e9tiquette dans le legging<\/p>\n","protected":false},"excerpt":{"rendered":"<p>Le legging de sport 2-poches a \u00e9t\u00e9 sp\u00e9cialement con\u00e7u pour les personnes atteintes de diab\u00e8te qui souhaitent porter leur pompe \u00e0 insuline en toute s\u00e9curit\u00e9, discr\u00e9tion et confort pendant le sport et dans la vie quotidienne. Ce legging dispose de deux poches profondes sur les c\u00f4t\u00e9s, id\u00e9alement plac\u00e9es pour maintenir la pompe stable. Gr\u00e2ce \u00e0 [&hellip;]<\/p>\n","protected":false},"featured_media":5397,"comment_status":"open","ping_status":"closed","template":"","meta":[],"product_brand":[],"product_cat":[174,173],"product_tag":[],"class_list":{"0":"post-6932","1":"product","2":"type-product","3":"status-publish","4":"has-post-thumbnail","6":"product_cat-legging-de-sport","7":"product_cat-vetements","8":"pa_maat-l","9":"pa_maat-m","10":"pa_maat-s","11":"pa_maat-xl","13":"first","14":"instock","15":"taxable","16":"shipping-taxable","17":"purchasable","18":"product-type-variable"},"jetpack_sharing_enabled":true,"_links":{"self":[{"href":"https:\/\/diabeticswear.com\/fr\/wp-json\/wp\/v2\/product\/6932","targetHints":{"allow":["GET"]}}],"collection":[{"href":"https:\/\/diabeticswear.com\/fr\/wp-json\/wp\/v2\/product"}],"about":[{"href":"https:\/\/diabeticswear.com\/fr\/wp-json\/wp\/v2\/types\/product"}],"replies":[{"embeddable":true,"href":"https:\/\/diabeticswear.com\/fr\/wp-json\/wp\/v2\/comments?post=6932"}],"wp:featuredmedia":[{"embeddable":true,"href":"https:\/\/diabeticswear.com\/fr\/wp-json\/wp\/v2\/media\/5397"}],"wp:attachment":[{"href":"https:\/\/diabeticswear.com\/fr\/wp-json\/wp\/v2\/media?parent=6932"}],"wp:term":[{"taxonomy":"product_brand","embeddable":true,"href":"https:\/\/diabeticswear.com\/fr\/wp-json\/wp\/v2\/product_brand?post=6932"},{"taxonomy":"product_cat","embeddable":true,"href":"https:\/\/diabeticswear.com\/fr\/wp-json\/wp\/v2\/product_cat?post=6932"},{"taxonomy":"product_tag","embeddable":true,"href":"https:\/\/diabeticswear.com\/fr\/wp-json\/wp\/v2\/product_tag?post=6932"}],"curies":[{"name":"wp","href":"https:\/\/api.w.org\/{rel}","templated":true}]}}