{"id":6980,"date":"2025-08-11T00:17:58","date_gmt":"2025-08-10T23:17:58","guid":{"rendered":"https:\/\/diabeticswear.com\/product\/biker-short-2-poches\/"},"modified":"2025-09-26T12:53:04","modified_gmt":"2025-09-26T11:53:04","slug":"biker-short-2-poches","status":"publish","type":"product","link":"https:\/\/diabeticswear.com\/fr\/product\/biker-short-2-poches\/","title":{"rendered":"Biker Short 2 poches"},"content":{"rendered":"<p data-start=\"325\" data-end=\"873\">Le Biker Short 2 poches est le short id\u00e9al pour les personnes diab\u00e9tiques qui souhaitent porter leur pompe \u00e0 insuline en toute s\u00e9curit\u00e9 et confortablement, aussi bien au quotidien que pendant le sport. Ce short poss\u00e8de deux poches profondes sur les c\u00f4t\u00e9s, parfaitement positionn\u00e9es pour maintenir votre pompe en place. Gr\u00e2ce \u00e0 l\u2019ouverture discr\u00e8te \u00e0 l\u2019int\u00e9rieur de la poche, les sets de perfusion passent facilement et discr\u00e8tement. Rien ne pend, le risque d\u2019accrochage est r\u00e9duit et vous profitez d\u2019une libert\u00e9 de mouvement totale.   <\/p>\n<p>Pendant le sport, ce Biker Short vous offre toute la libert\u00e9 dont vous avez besoin. Votre pompe reste solidement en place. Que vous marchiez, couriez ou fassiez du yoga avec ce Biker Short, vous optez pour la s\u00e9curit\u00e9, la fonctionnalit\u00e9 et la libert\u00e9 totale, le tout dans un v\u00eatement styl\u00e9.  <\/p>\n<p data-start=\"875\" data-end=\"1164\">De plus, ce Biker Short est parfait \u00e0 porter sous une robe, vous permettant de transporter votre pompe \u00e0 insuline discr\u00e8tement sans sacrifier le style ni le confort. Le tissu doux et extensible \u00e9pouse votre corps, se sent agr\u00e9able sur la peau et suit vos mouvements que vous soyez \u00e0 la maison, en d\u00e9placement ou au travail. Les deux poches pratiques vous permettent \u00e9galement de transporter votre t\u00e9l\u00e9phone en toute s\u00e9curit\u00e9 avec votre pompe \u00e0 insuline, sans avoir besoin d\u2019un sac suppl\u00e9mentaire.  <\/p>\n<p><span style=\"text-decoration: underline;\"><strong>Caract\u00e9ristiques produit:<\/strong><br \/>\n<\/span><strong>Mati\u00e8re<\/strong>: 90% polyester, 10% \u00e9lasthanne<br \/>\n<strong>Tailles: <\/strong>S \/ M \/ L \/ XL<br \/>\n<strong>Couleurs<\/strong>: Noir \/ Vert fonc\u00e9 \/ Rose fonc\u00e9 \/ Bleu fonc\u00e9<br \/>\n<strong>Nombre de poches<\/strong>: 2<br \/>\n<strong>Position des poches<\/strong>: C\u00f4t\u00e9<br \/>\n<strong>Dimensions des poches<\/strong>: 130 mm x 85 mm<br \/>\n<strong>Wasvoorschriften: <\/strong>Zie label in bikershort<\/p>\n","protected":false},"excerpt":{"rendered":"<p>Le Biker Short 2 poches est le short id\u00e9al pour les personnes diab\u00e9tiques qui souhaitent porter leur pompe \u00e0 insuline en toute s\u00e9curit\u00e9 et confortablement, aussi bien au quotidien que pendant le sport. Ce short poss\u00e8de deux poches profondes sur les c\u00f4t\u00e9s, parfaitement positionn\u00e9es pour maintenir votre pompe en place. Gr\u00e2ce \u00e0 l\u2019ouverture discr\u00e8te \u00e0 [&hellip;]<\/p>\n","protected":false},"featured_media":6416,"comment_status":"open","ping_status":"closed","template":"","meta":[],"product_brand":[],"product_cat":[175,173],"product_tag":[],"class_list":{"0":"post-6980","1":"product","2":"type-product","3":"status-publish","4":"has-post-thumbnail","6":"product_cat-biker-short","7":"product_cat-vetements","8":"pa_kleur-bleu-fonce","9":"pa_kleur-noir","10":"pa_kleur-rose-fonce","11":"pa_kleur-vert-fonce","12":"pa_maat-l","13":"pa_maat-m","14":"pa_maat-s","15":"pa_maat-xl","17":"first","18":"instock","19":"taxable","20":"shipping-taxable","21":"purchasable","22":"product-type-variable"},"jetpack_sharing_enabled":true,"_links":{"self":[{"href":"https:\/\/diabeticswear.com\/fr\/wp-json\/wp\/v2\/product\/6980","targetHints":{"allow":["GET"]}}],"collection":[{"href":"https:\/\/diabeticswear.com\/fr\/wp-json\/wp\/v2\/product"}],"about":[{"href":"https:\/\/diabeticswear.com\/fr\/wp-json\/wp\/v2\/types\/product"}],"replies":[{"embeddable":true,"href":"https:\/\/diabeticswear.com\/fr\/wp-json\/wp\/v2\/comments?post=6980"}],"wp:featuredmedia":[{"embeddable":true,"href":"https:\/\/diabeticswear.com\/fr\/wp-json\/wp\/v2\/media\/6416"}],"wp:attachment":[{"href":"https:\/\/diabeticswear.com\/fr\/wp-json\/wp\/v2\/media?parent=6980"}],"wp:term":[{"taxonomy":"product_brand","embeddable":true,"href":"https:\/\/diabeticswear.com\/fr\/wp-json\/wp\/v2\/product_brand?post=6980"},{"taxonomy":"product_cat","embeddable":true,"href":"https:\/\/diabeticswear.com\/fr\/wp-json\/wp\/v2\/product_cat?post=6980"},{"taxonomy":"product_tag","embeddable":true,"href":"https:\/\/diabeticswear.com\/fr\/wp-json\/wp\/v2\/product_tag?post=6980"}],"curies":[{"name":"wp","href":"https:\/\/api.w.org\/{rel}","templated":true}]}}