{"id":7060,"date":"2024-10-07T22:05:58","date_gmt":"2024-10-07T20:05:58","guid":{"rendered":"https:\/\/diabeticswear.com\/product\/col-v-chemise-2-poches\/"},"modified":"2025-12-07T22:48:22","modified_gmt":"2025-12-07T21:48:22","slug":"col-v-chemise-2-poches","status":"publish","type":"product","link":"https:\/\/diabeticswear.com\/fr\/product\/col-v-chemise-2-poches\/","title":{"rendered":"COL V | Chemise 2-Poches"},"content":{"rendered":"<p style=\"text-align: left;\">Pour les personnes diab\u00e9tiques utilisant une pompe \u00e0 insuline, le confort au quotidien n\u2019est pas un luxe mais une n\u00e9cessit\u00e9. Cette chemise sp\u00e9cialement con\u00e7ue offre une solution intelligente, \u00e9l\u00e9gante et pratique pour porter votre pompe sans tracas et sans compromettre votre style. <\/p>\n<p>Sur le devant de la chemise, deux poches int\u00e9gr\u00e9es sont plac\u00e9es strat\u00e9giquement pour ranger votre pompe \u00e0 insuline en toute s\u00e9curit\u00e9 et discr\u00e9tion. Que vous soyez au travail, en courses ou simplement \u00e0 la maison, votre pompe est toujours bien prot\u00e9g\u00e9e. \u00c0 l\u2019int\u00e9rieur de la chemise, deux petites ouvertures discr\u00e8tes permettent de guider le tube de la pompe en toute s\u00e9curit\u00e9 vers votre corps. Ainsi, le dispositif ne pend pas et reste discret sous vos v\u00eatements.   <\/p>\n<p>Fabriqu\u00e9e en 100 % coton, la chemise offre une coupe douce, respirante et solide adapt\u00e9e \u00e0 un usage quotidien. Le tissu est agr\u00e9able sur la peau, m\u00eame lors de longues journ\u00e9es ou par temps chaud. Les poches se ferment avec du velcro, maintenant votre pompe en s\u00e9curit\u00e9, m\u00eame avec beaucoup de mouvements.  <\/p>\n<p>Con\u00e7ue avec une grande attention aux d\u00e9tails et aux besoins des utilisateurs, cette chemise apporte libert\u00e9, confiance et confort aux personnes diab\u00e9tiques, exactement ce qu\u2019il faut pour se concentrer sur sa vie quotidienne. <\/p>\n<p><span style=\"text-decoration: underline;\"><em><strong>REMARQUE:<\/strong><\/em><\/span><em><strong> <\/strong><\/em><em>Le t-shirt taille grand. Nous conseillons de commander une taille en dessous de la v\u00f4tre. Consultez le tableau des tailles ou contactez-nous \u00e0 info@diabeticswear.com.  <\/em><\/p>\n<p><strong><span style=\"text-decoration: underline;\">Caract\u00e9ristiques produit:<\/span><br \/>\nMati\u00e8re: <\/strong>100% coton<br \/>\n<strong>Tailles<\/strong>: XS (disponible uniquement en blanc) \/ S \/ M \/ L \/ XL \/ XXL (disponible uniquement en noir)<em><br \/>\n<\/em><strong>Couleurs<\/strong>: Blanc \/ Noir<br \/>\n<strong>Nombre de poches<\/strong>: 2<br \/>\n<strong>Position des poches<\/strong>: Devant<br \/>\n<strong>Dimensions poches<\/strong>: 138 mm x 117 mm<br \/>\n<strong>Fermeture<\/strong>: Velcro<br \/>\n<strong>Instructions de lavage<\/strong>: Voir l\u2019\u00e9tiquette de la chemise<\/p>\n","protected":false},"excerpt":{"rendered":"<p>Pour les personnes diab\u00e9tiques utilisant une pompe \u00e0 insuline, le confort au quotidien n\u2019est pas un luxe mais une n\u00e9cessit\u00e9. Cette chemise sp\u00e9cialement con\u00e7ue offre une solution intelligente, \u00e9l\u00e9gante et pratique pour porter votre pompe sans tracas et sans compromettre votre style. Sur le devant de la chemise, deux poches int\u00e9gr\u00e9es sont plac\u00e9es strat\u00e9giquement pour [&hellip;]<\/p>\n","protected":false},"featured_media":7055,"comment_status":"open","ping_status":"closed","template":"","meta":[],"product_brand":[],"product_cat":[267,173],"product_tag":[],"class_list":{"0":"post-7060","1":"product","2":"type-product","3":"status-publish","4":"has-post-thumbnail","6":"product_cat-chemises","7":"product_cat-vetements","8":"pa_kleur-blanc","9":"pa_kleur-noir","10":"pa_maat-l","11":"pa_maat-m","12":"pa_maat-s","13":"pa_maat-xl","14":"pa_maat-xs","15":"pa_maat-xxl","17":"first","18":"instock","19":"taxable","20":"shipping-taxable","21":"purchasable","22":"product-type-variable"},"jetpack_sharing_enabled":true,"_links":{"self":[{"href":"https:\/\/diabeticswear.com\/fr\/wp-json\/wp\/v2\/product\/7060","targetHints":{"allow":["GET"]}}],"collection":[{"href":"https:\/\/diabeticswear.com\/fr\/wp-json\/wp\/v2\/product"}],"about":[{"href":"https:\/\/diabeticswear.com\/fr\/wp-json\/wp\/v2\/types\/product"}],"replies":[{"embeddable":true,"href":"https:\/\/diabeticswear.com\/fr\/wp-json\/wp\/v2\/comments?post=7060"}],"wp:featuredmedia":[{"embeddable":true,"href":"https:\/\/diabeticswear.com\/fr\/wp-json\/wp\/v2\/media\/7055"}],"wp:attachment":[{"href":"https:\/\/diabeticswear.com\/fr\/wp-json\/wp\/v2\/media?parent=7060"}],"wp:term":[{"taxonomy":"product_brand","embeddable":true,"href":"https:\/\/diabeticswear.com\/fr\/wp-json\/wp\/v2\/product_brand?post=7060"},{"taxonomy":"product_cat","embeddable":true,"href":"https:\/\/diabeticswear.com\/fr\/wp-json\/wp\/v2\/product_cat?post=7060"},{"taxonomy":"product_tag","embeddable":true,"href":"https:\/\/diabeticswear.com\/fr\/wp-json\/wp\/v2\/product_tag?post=7060"}],"curies":[{"name":"wp","href":"https:\/\/api.w.org\/{rel}","templated":true}]}}