{"id":7229,"date":"2024-08-12T22:07:52","date_gmt":"2024-08-12T22:07:52","guid":{"rendered":"https:\/\/diabeticswear.com\/product\/col-rond-t-shirt-2-poches\/"},"modified":"2025-12-18T18:15:20","modified_gmt":"2025-12-18T17:15:20","slug":"col-rond-t-shirt-2-poches","status":"publish","type":"product","link":"https:\/\/diabeticswear.com\/fr\/product\/col-rond-t-shirt-2-poches\/","title":{"rendered":"COL ROND | T-shirt 2 poches"},"content":{"rendered":"<p style=\"text-align: left;\">Pour les personnes diab\u00e9tiques utilisant une pompe \u00e0 insuline, le confort au quotidien n\u2019est pas un luxe mais une n\u00e9cessit\u00e9. Ce t-shirt sp\u00e9cialement con\u00e7u offre une solution intelligente, \u00e9l\u00e9gante et pratique pour porter votre pompe sans tracas et sans compromettre votre style. <\/p>\n<p>\u00c0 l\u2019avant du t-shirt, deux poches int\u00e9gr\u00e9es sont strat\u00e9giquement plac\u00e9es pour ranger votre pompe \u00e0 insuline en toute s\u00e9curit\u00e9 et discr\u00e9tion. Que vous soyez au travail, en train de faire des courses ou simplement \u00e0 la maison, votre pompe reste bien rang\u00e9e. <\/p>\n<p style=\"text-align: left;\">Le t-shirt est fabriqu\u00e9 en 100 % coton, garantissant une coupe douce, respirante et r\u00e9sistante, adapt\u00e9e \u00e0 un usage quotidien. Le tissu est agr\u00e9able sur la peau, m\u00eame lors d\u2019un port prolong\u00e9 ou par temps chaud. Les poches se ferment avec du velcro, gardant votre pompe bien en place m\u00eame en cas de mouvements intenses.  <\/p>\n<p>Ce t-shirt a \u00e9t\u00e9 con\u00e7u avec une grande attention aux d\u00e9tails et aux besoins des utilisateurs. Il offre plus de libert\u00e9, de s\u00e9curit\u00e9 et de confiance aux personnes diab\u00e9tiques, exactement ce dont vous avez besoin pour vous concentrer sur autre chose que votre pompe. <\/p>\n<p><span style=\"text-decoration: underline;\"><em><strong>REMARQUE:<\/strong><\/em><\/span><em><strong> <\/strong><\/em><em>Le t-shirt taille grand. Nous conseillons de commander une taille en dessous de la v\u00f4tre. Consultez le tableau des tailles ou contactez-nous \u00e0 info@diabeticswear.com.  <\/em><\/p>\n<p><span style=\"text-decoration: underline;\"><strong>Caract\u00e9ristiques produit<\/strong><\/span>:<br \/>\n<strong>Mati\u00e8re<\/strong>: 100% coton<br \/>\n<strong>Tailles<\/strong>: S \/ M \/ L \/ XL \/ XXL<br \/>\n<strong>Couleur<\/strong>: Noir<br \/>\n<strong>Nombre de poches<\/strong>: 2<br \/>\n<strong>Position des poches<\/strong>: Devant<br \/>\n<strong>Dimensions poches<\/strong>: 138 mm x 117 mm<br \/>\n<strong>Fermeture<\/strong>: Velcro<br \/>\n<strong>Instructions de lavage<\/strong>: Voir l\u2019\u00e9tiquette de la chemise<\/p>\n","protected":false},"excerpt":{"rendered":"<p>Pour les personnes diab\u00e9tiques utilisant une pompe \u00e0 insuline, le confort au quotidien n\u2019est pas un luxe mais une n\u00e9cessit\u00e9. Ce t-shirt sp\u00e9cialement con\u00e7u offre une solution intelligente, \u00e9l\u00e9gante et pratique pour porter votre pompe sans tracas et sans compromettre votre style. \u00c0 l\u2019avant du t-shirt, deux poches int\u00e9gr\u00e9es sont strat\u00e9giquement plac\u00e9es pour ranger votre [&hellip;]<\/p>\n","protected":false},"featured_media":6420,"comment_status":"open","ping_status":"closed","template":"","meta":[],"product_brand":[],"product_cat":[278,173],"product_tag":[],"class_list":{"0":"post-7229","1":"product","2":"type-product","3":"status-publish","4":"has-post-thumbnail","6":"product_cat-t-shirts","7":"product_cat-vetements","8":"pa_maat-l","9":"pa_maat-m","10":"pa_maat-s","11":"pa_maat-xl","12":"pa_maat-xxl","14":"first","15":"instock","16":"taxable","17":"shipping-taxable","18":"purchasable","19":"product-type-variable"},"jetpack_sharing_enabled":true,"_links":{"self":[{"href":"https:\/\/diabeticswear.com\/fr\/wp-json\/wp\/v2\/product\/7229","targetHints":{"allow":["GET"]}}],"collection":[{"href":"https:\/\/diabeticswear.com\/fr\/wp-json\/wp\/v2\/product"}],"about":[{"href":"https:\/\/diabeticswear.com\/fr\/wp-json\/wp\/v2\/types\/product"}],"replies":[{"embeddable":true,"href":"https:\/\/diabeticswear.com\/fr\/wp-json\/wp\/v2\/comments?post=7229"}],"wp:featuredmedia":[{"embeddable":true,"href":"https:\/\/diabeticswear.com\/fr\/wp-json\/wp\/v2\/media\/6420"}],"wp:attachment":[{"href":"https:\/\/diabeticswear.com\/fr\/wp-json\/wp\/v2\/media?parent=7229"}],"wp:term":[{"taxonomy":"product_brand","embeddable":true,"href":"https:\/\/diabeticswear.com\/fr\/wp-json\/wp\/v2\/product_brand?post=7229"},{"taxonomy":"product_cat","embeddable":true,"href":"https:\/\/diabeticswear.com\/fr\/wp-json\/wp\/v2\/product_cat?post=7229"},{"taxonomy":"product_tag","embeddable":true,"href":"https:\/\/diabeticswear.com\/fr\/wp-json\/wp\/v2\/product_tag?post=7229"}],"curies":[{"name":"wp","href":"https:\/\/api.w.org\/{rel}","templated":true}]}}