{"id":8193,"date":"2025-09-16T16:40:24","date_gmt":"2025-09-16T15:40:24","guid":{"rendered":"https:\/\/diabeticswear.com\/product\/patchs-adhesifs-dexcom-g6-40-pieces\/"},"modified":"2025-09-16T16:40:24","modified_gmt":"2025-09-16T15:40:24","slug":"patchs-adhesifs-dexcom-g6-40-pieces","status":"publish","type":"product","link":"https:\/\/diabeticswear.com\/fr\/product\/patchs-adhesifs-dexcom-g6-40-pieces\/","title":{"rendered":"Patchs adh\u00e9sifs Dexcom G6 (40 pi\u00e8ces)"},"content":{"rendered":"<p data-start=\"198\" data-end=\"604\">Notre patch adh\u00e9sif est la solution id\u00e9ale pour maintenir votre capteur de mani\u00e8re <strong>solide<\/strong> et <strong>fiable<\/strong>. Sp\u00e9cialement con\u00e7u pour le Dexcom G6, ce patch offre une <g id=\"gid_2\">s\u00e9curit\u00e9 suppl\u00e9mentaire<\/g> dans toutes vos activit\u00e9s quotidiennes. Que vous fassiez du sport, nagiez, preniez une douche ou vaquez \u00e0 vos occupations, avec le patch adh\u00e9sif, vous n&rsquo;avez pas \u00e0 craindre que votre capteur se d\u00e9tache ou se d\u00e9place.  <\/p>\n<p data-start=\"606\" data-end=\"984\">Le patch est fabriqu\u00e9 dans un mat\u00e9riau <strong>hypoallerg\u00e9nique, respirant et transparent<\/strong>, ce qui le rend pratiquement invisible sur la peau. Sa couleur transparente permet au patch de rester discret tout en assurant une protection optimale de votre capteur. M\u00eame sur les peaux sensibles, le patch \u00e9vite les irritations et reste confortable, m\u00eame lors d&rsquo;une utilisation prolong\u00e9e.  <\/p>\n<p data-start=\"986\" data-end=\"1241\">De plus, le patch est <strong>r\u00e9sistant \u00e0 l&rsquo;eau et \u00e0 la transpiration<\/strong>, garantissant que votre capteur reste bien en place pendant l&rsquo;effort et au contact de l&rsquo;eau. Gr\u00e2ce \u00e0 sa couche adh\u00e9sive puissante, le patch reste fermement en place pendant plusieurs jours sans se d\u00e9coller. <\/p>\n<p data-start=\"1243\" data-end=\"1422\">En r\u00e9sum\u00e9 : avec les patchs pour pompe \u00e0 insuline, vous prolongez la dur\u00e9e de port de votre capteur, profitez d\u2019une plus grande libert\u00e9 au quotidien et b\u00e9n\u00e9ficiez d\u2019une protection presque invisible. Avec 40 pi\u00e8ces par paquet, vous \u00eates couvert pour une ann\u00e9e enti\u00e8re. <\/p>\n<p data-start=\"1243\" data-end=\"1422\"><span style=\"text-decoration: underline;\"><strong>Sp\u00e9cifications du produit :<\/strong><\/span><br \/>\nDimensions : 105 mm x 82 mm<br \/>\nCompatible avec : Dexcom G6<br \/>\nQuantit\u00e9 : 40 pi\u00e8ces<br \/>\nDur\u00e9e de port : \u224814 jours<br \/>\nCouleur : Transparent<\/p>\n","protected":false},"excerpt":{"rendered":"<p>Notre patch adh\u00e9sif est la solution id\u00e9ale pour maintenir votre capteur de mani\u00e8re solide et fiable. Sp\u00e9cialement con\u00e7u pour le Dexcom G6, ce patch offre une s\u00e9curit\u00e9 suppl\u00e9mentaire dans toutes vos activit\u00e9s quotidiennes. Que vous fassiez du sport, nagiez, preniez une douche ou vaquez \u00e0 vos occupations, avec le patch adh\u00e9sif, vous n&rsquo;avez pas \u00e0 [&hellip;]<\/p>\n","protected":false},"featured_media":7603,"comment_status":"open","ping_status":"closed","template":"","meta":[],"product_brand":[],"product_cat":[224,225],"product_tag":[],"class_list":{"0":"post-8193","1":"product","2":"type-product","3":"status-publish","4":"has-post-thumbnail","6":"product_cat-divers","7":"product_cat-patchs-pour-pompe-a-insuline","9":"first","10":"instock","11":"taxable","12":"shipping-taxable","13":"purchasable","14":"product-type-simple"},"jetpack_sharing_enabled":true,"_links":{"self":[{"href":"https:\/\/diabeticswear.com\/fr\/wp-json\/wp\/v2\/product\/8193","targetHints":{"allow":["GET"]}}],"collection":[{"href":"https:\/\/diabeticswear.com\/fr\/wp-json\/wp\/v2\/product"}],"about":[{"href":"https:\/\/diabeticswear.com\/fr\/wp-json\/wp\/v2\/types\/product"}],"replies":[{"embeddable":true,"href":"https:\/\/diabeticswear.com\/fr\/wp-json\/wp\/v2\/comments?post=8193"}],"wp:featuredmedia":[{"embeddable":true,"href":"https:\/\/diabeticswear.com\/fr\/wp-json\/wp\/v2\/media\/7603"}],"wp:attachment":[{"href":"https:\/\/diabeticswear.com\/fr\/wp-json\/wp\/v2\/media?parent=8193"}],"wp:term":[{"taxonomy":"product_brand","embeddable":true,"href":"https:\/\/diabeticswear.com\/fr\/wp-json\/wp\/v2\/product_brand?post=8193"},{"taxonomy":"product_cat","embeddable":true,"href":"https:\/\/diabeticswear.com\/fr\/wp-json\/wp\/v2\/product_cat?post=8193"},{"taxonomy":"product_tag","embeddable":true,"href":"https:\/\/diabeticswear.com\/fr\/wp-json\/wp\/v2\/product_tag?post=8193"}],"curies":[{"name":"wp","href":"https:\/\/api.w.org\/{rel}","templated":true}]}}