{"id":7111,"date":"2024-10-07T22:05:58","date_gmt":"2024-10-07T20:05:58","guid":{"rendered":"https:\/\/diabeticswear.com\/product\/scollo-a-v-canottiera-2-tasche\/"},"modified":"2025-12-07T22:48:20","modified_gmt":"2025-12-07T21:48:20","slug":"scollo-a-v-canottiera-2-tasche","status":"publish","type":"product","link":"https:\/\/diabeticswear.com\/it\/product\/scollo-a-v-canottiera-2-tasche\/","title":{"rendered":"SCOLLO A V | Canottiera 2-Tasche"},"content":{"rendered":"<p style=\"text-align: left;\">Per le persone con diabete che utilizzano un microinfusore, la comodit\u00e0 nella vita quotidiana non \u00e8 un lusso, ma una necessit\u00e0. Questa canottiera appositamente progettata offre una soluzione intelligente, elegante e pratica per portare la pompa senza complicazioni e senza rinunciare allo stile. <\/p>\n<p>Sul davanti della canottiera sono presenti due tasche integrate, posizionate strategicamente per riporre la pompa in modo sicuro e discreto. Che tu sia al lavoro, a fare la spesa o semplicemente a casa, la tua pompa sar\u00e0 sempre al sicuro. All\u2019interno della canottiera ci sono due piccole aperture, posizionate strategicamente, per guidare il tubo della pompa in modo sicuro verso il corpo. In questo modo, il set d\u2019infusione non penzola e rimane discreto sotto i vestiti.   <\/p>\n<p>Realizzata al 100% in cotone, la canottiera offre una vestibilit\u00e0 morbida, traspirante e resistente, adatta all\u2019uso quotidiano. Il tessuto \u00e8 piacevole sulla pelle, anche durante giornate lunghe o calde. Le tasche si chiudono con il velcro, mantenendo la pompa al sicuro anche durante i movimenti intensi.  <\/p>\n<p>Progettata con grande attenzione ai dettagli e alle esigenze degli utenti, questa canottiera offre pi\u00f9 libert\u00e0, sicurezza e comfort alle persone con diabete, esattamente ci\u00f2 di cui hai bisogno ogni giorno. <\/p>\n<p><span style=\"text-decoration: underline;\"><em><strong>NOTA:<\/strong><\/em><\/span><em><strong> <\/strong><\/em><em>Il capo veste grande. Si consiglia di ordinare una taglia in meno rispetto al solito. Consulta la tabella delle taglie o contattaci a info@diabeticswear.com.  <\/em><\/p>\n<p><strong><span style=\"text-decoration: underline;\">Specifiche del prodotto:<\/span><br \/>\nMateriale: <\/strong>100% cotone<br \/>\n<strong>Taglie<\/strong>: XS (disponibile solo in bianco) \/ S \/ M \/ L \/ XL \/ XXL (disponibile solo in nero)<em><br \/>\n<\/em><strong>Colori<\/strong>: Bianco \/ Nero<br \/>\n<strong>Numero di tasche<\/strong>: 2<br \/>\n<strong>Posizione tasche<\/strong>: Davanti<br \/>\n<strong>Dimensioni tasche<\/strong>: 138 mm x 117 mm<br \/>\n<strong>Chiusura<\/strong>: Velcro<br \/>\n<strong>Istruzioni di lavaggio<\/strong>: Vedi etichetta nella camicia<\/p>\n","protected":false},"excerpt":{"rendered":"<p>Per le persone con diabete che utilizzano un microinfusore, la comodit\u00e0 nella vita quotidiana non \u00e8 un lusso, ma una necessit\u00e0. Questa canottiera appositamente progettata offre una soluzione intelligente, elegante e pratica per portare la pompa senza complicazioni e senza rinunciare allo stile. Sul davanti della canottiera sono presenti due tasche integrate, posizionate strategicamente per [&hellip;]<\/p>\n","protected":false},"featured_media":7101,"comment_status":"open","ping_status":"closed","template":"","meta":[],"product_brand":[],"product_cat":[203,273],"product_tag":[],"class_list":{"0":"post-7111","1":"product","2":"type-product","3":"status-publish","4":"has-post-thumbnail","6":"product_cat-abbigliamento","7":"product_cat-canottiera","8":"pa_kleur-bianco","9":"pa_kleur-nero","10":"pa_maat-l","11":"pa_maat-m","12":"pa_maat-s","13":"pa_maat-xl","14":"pa_maat-xs","15":"pa_maat-xxl","17":"first","18":"instock","19":"taxable","20":"shipping-taxable","21":"purchasable","22":"product-type-variable"},"jetpack_sharing_enabled":true,"_links":{"self":[{"href":"https:\/\/diabeticswear.com\/it\/wp-json\/wp\/v2\/product\/7111","targetHints":{"allow":["GET"]}}],"collection":[{"href":"https:\/\/diabeticswear.com\/it\/wp-json\/wp\/v2\/product"}],"about":[{"href":"https:\/\/diabeticswear.com\/it\/wp-json\/wp\/v2\/types\/product"}],"replies":[{"embeddable":true,"href":"https:\/\/diabeticswear.com\/it\/wp-json\/wp\/v2\/comments?post=7111"}],"wp:featuredmedia":[{"embeddable":true,"href":"https:\/\/diabeticswear.com\/it\/wp-json\/wp\/v2\/media\/7101"}],"wp:attachment":[{"href":"https:\/\/diabeticswear.com\/it\/wp-json\/wp\/v2\/media?parent=7111"}],"wp:term":[{"taxonomy":"product_brand","embeddable":true,"href":"https:\/\/diabeticswear.com\/it\/wp-json\/wp\/v2\/product_brand?post=7111"},{"taxonomy":"product_cat","embeddable":true,"href":"https:\/\/diabeticswear.com\/it\/wp-json\/wp\/v2\/product_cat?post=7111"},{"taxonomy":"product_tag","embeddable":true,"href":"https:\/\/diabeticswear.com\/it\/wp-json\/wp\/v2\/product_tag?post=7111"}],"curies":[{"name":"wp","href":"https:\/\/api.w.org\/{rel}","templated":true}]}}