{"id":7248,"date":"2024-08-12T22:07:52","date_gmt":"2024-08-12T22:07:52","guid":{"rendered":"https:\/\/diabeticswear.com\/product\/girocollo-t-shirt-con-2-tasche\/"},"modified":"2025-12-18T18:15:20","modified_gmt":"2025-12-18T17:15:20","slug":"girocollo-t-shirt-con-2-tasche","status":"publish","type":"product","link":"https:\/\/diabeticswear.com\/it\/product\/girocollo-t-shirt-con-2-tasche\/","title":{"rendered":"Girocollo | T-shirt con 2 tasche"},"content":{"rendered":"<p style=\"text-align: left;\">Per le persone con diabete che usano una pompa per insulina, il comfort nella vita quotidiana non \u00e8 un lusso ma una necessit\u00e0. Questa t-shirt appositamente progettata offre una soluzione intelligente, elegante e pratica per indossare la pompa senza complicazioni e senza compromettere lo stile. <\/p>\n<p>Sul davanti della t-shirt sono presenti due tasche integrate, posizionate strategicamente per conservare la pompa per insulina in modo sicuro e discreto. Che tu sia al lavoro, a fare commissioni o semplicemente a casa, la tua pompa rimane ben riposta. <\/p>\n<p style=\"text-align: left;\">La t-shirt \u00e8 realizzata al 100 % in cotone, garantendo una vestibilit\u00e0 morbida, traspirante e resistente, adatta all\u2019uso quotidiano. Il tessuto \u00e8 piacevole sulla pelle, anche per un uso prolungato o nei giorni caldi. Le tasche si chiudono con il velcro, mantenendo la pompa saldamente in posizione anche durante molti movimenti.  <\/p>\n<p>Questa t-shirt \u00e8 stata progettata con grande attenzione ai dettagli e alle esigenze degli utenti. Offre maggiore libert\u00e0, sicurezza e fiducia alle persone con diabete, esattamente ci\u00f2 di cui hai bisogno per concentrarti su altro oltre alla tua pompa. <\/p>\n<p><span style=\"text-decoration: underline;\"><em><strong>NOTA:<\/strong><\/em><\/span><em><strong> <\/strong><\/em><em>Il capo veste grande. Si consiglia di ordinare una taglia in meno rispetto al solito. Consulta la tabella delle taglie o contattaci a info@diabeticswear.com.  <\/em><\/p>\n<p><span style=\"text-decoration: underline;\"><strong>Specifiche del prodotto<\/strong><\/span>:<br \/>\n<strong>Materiale<\/strong>: 100% cotone<br \/>\n<strong>Taglie: <\/strong>S \/ M \/ L \/ XL \/ XXL<br \/>\n<strong>Colore<\/strong>: Nero<br \/>\n<strong>Numero di tasche<\/strong>: 2<br \/>\n<strong>Posizione tasche<\/strong>: Davanti<br \/>\n<strong>Dimensioni tasche<\/strong>: 138 mm x 117 mm<br \/>\n<strong>Tipo di chiusura<\/strong>: Velcro<br \/>\n<strong>Istruzioni di lavaggio<\/strong>: Vedi etichetta nella camicia<\/p>\n","protected":false},"excerpt":{"rendered":"<p>Per le persone con diabete che usano una pompa per insulina, il comfort nella vita quotidiana non \u00e8 un lusso ma una necessit\u00e0. Questa t-shirt appositamente progettata offre una soluzione intelligente, elegante e pratica per indossare la pompa senza complicazioni e senza compromettere lo stile. Sul davanti della t-shirt sono presenti due tasche integrate, posizionate [&hellip;]<\/p>\n","protected":false},"featured_media":6430,"comment_status":"open","ping_status":"closed","template":"","meta":[],"product_brand":[],"product_cat":[203,280],"product_tag":[],"class_list":{"0":"post-7248","1":"product","2":"type-product","3":"status-publish","4":"has-post-thumbnail","6":"product_cat-abbigliamento","7":"product_cat-t-shirts","8":"pa_maat-l","9":"pa_maat-m","10":"pa_maat-s","11":"pa_maat-xl","12":"pa_maat-xxl","14":"first","15":"instock","16":"taxable","17":"shipping-taxable","18":"purchasable","19":"product-type-variable"},"jetpack_sharing_enabled":true,"_links":{"self":[{"href":"https:\/\/diabeticswear.com\/it\/wp-json\/wp\/v2\/product\/7248","targetHints":{"allow":["GET"]}}],"collection":[{"href":"https:\/\/diabeticswear.com\/it\/wp-json\/wp\/v2\/product"}],"about":[{"href":"https:\/\/diabeticswear.com\/it\/wp-json\/wp\/v2\/types\/product"}],"replies":[{"embeddable":true,"href":"https:\/\/diabeticswear.com\/it\/wp-json\/wp\/v2\/comments?post=7248"}],"wp:featuredmedia":[{"embeddable":true,"href":"https:\/\/diabeticswear.com\/it\/wp-json\/wp\/v2\/media\/6430"}],"wp:attachment":[{"href":"https:\/\/diabeticswear.com\/it\/wp-json\/wp\/v2\/media?parent=7248"}],"wp:term":[{"taxonomy":"product_brand","embeddable":true,"href":"https:\/\/diabeticswear.com\/it\/wp-json\/wp\/v2\/product_brand?post=7248"},{"taxonomy":"product_cat","embeddable":true,"href":"https:\/\/diabeticswear.com\/it\/wp-json\/wp\/v2\/product_cat?post=7248"},{"taxonomy":"product_tag","embeddable":true,"href":"https:\/\/diabeticswear.com\/it\/wp-json\/wp\/v2\/product_tag?post=7248"}],"curies":[{"name":"wp","href":"https:\/\/api.w.org\/{rel}","templated":true}]}}