{"id":7478,"date":"2024-09-12T21:54:00","date_gmt":"2024-09-12T20:54:00","guid":{"rendered":"https:\/\/diabeticswear.com\/integritetspolicy\/"},"modified":"2025-10-02T08:18:53","modified_gmt":"2025-10-02T07:18:53","slug":"integritetspolicy","status":"publish","type":"page","link":"https:\/\/diabeticswear.com\/sv\/integritetspolicy\/","title":{"rendered":"Integritetspolicy"},"content":{"rendered":"\n<h2 class=\"wp-block-heading\">Vilka \u00e4r vi<\/h2>\n\n<p><strong class=\"privacy-policy-tutorial\">F\u00f6reslagen text: <\/strong>V\u00e5r webbplatsadress \u00e4r: https:\/\/diabeticswear.com.<\/p>\n\n<h2 class=\"wp-block-heading\">Kommentarer<\/h2>\n\n<p><strong class=\"privacy-policy-tutorial\">F\u00f6reslagen text: <\/strong>N\u00e4r bes\u00f6kare l\u00e4mnar kommentarer p\u00e5 webbplatsen samlar vi in de uppgifter som visas i kommentarsformul\u00e4ret, bes\u00f6karens IP-adress och webbl\u00e4sarens user agent f\u00f6r att hj\u00e4lpa till att uppt\u00e4cka spam.<\/p>\n\n<p>En anonymiserad str\u00e4ng, skapad utifr\u00e5n din e-postadress (detta kallas \u00e4ven en hash) kan skickas till Gravatar-tj\u00e4nsten om du anv\u00e4nder den. Gravatar-tj\u00e4nstens sekretesspolicy finns h\u00e4r: https:\/\/automattic.com\/privacy\/. N\u00e4r din kommentar har godk\u00e4nts \u00e4r din profilbild synlig f\u00f6r alla i samband med din kommentar. <\/p>\n\n<h2 class=\"wp-block-heading\">Media<\/h2>\n\n<p><strong class=\"privacy-policy-tutorial\">F\u00f6reslagen text: <\/strong>Om du \u00e4r en registrerad anv\u00e4ndare och laddar upp bilder till webbplatsen b\u00f6r du undvika att ladda upp bilder med EXIF GPS-platsdata. Bes\u00f6kare p\u00e5 webbplatsen kan ladda ner bilderna fr\u00e5n webbplatsen och se platsinformationen. <\/p>\n\n<h2 class=\"wp-block-heading\">Cookies<\/h2>\n\n<p><strong class=\"privacy-policy-tutorial\">F\u00f6reslagen text: <\/strong>N\u00e4r du l\u00e4mnar en kommentar p\u00e5 v\u00e5r webbplats kan du ange om ditt namn, din e-postadress och webbplats f\u00e5r sparas i en cookie. Vi g\u00f6r detta f\u00f6r din bekv\u00e4mlighet s\u00e5 att du inte beh\u00f6ver fylla i dessa uppgifter igen f\u00f6r en ny kommentar. Dessa cookies \u00e4r giltiga i ett \u00e5r.  <\/p>\n\n<p>Om du bes\u00f6ker v\u00e5r inloggningssida sparar vi en tillf\u00e4llig cookie f\u00f6r att kontrollera om din webbl\u00e4sare accepterar cookies. Denna cookie inneh\u00e5ller inga personuppgifter och raderas s\u00e5 snart du st\u00e4nger din webbl\u00e4sare. <\/p>\n\n<p>S\u00e5 snart du loggar in kommer vi att spara n\u00e5gra cookies i samband med din inloggningsinformation och sk\u00e4rmvisningsalternativ. Inloggningscookies \u00e4r giltiga i 2 dagar och cookies f\u00f6r sk\u00e4rmvisningsalternativ 1 \u00e5r. Om du v\u00e4ljer &#8221;Kom ih\u00e5g mig&#8221; sparas din inloggning i 2 veckor. S\u00e5 snart du loggar ut fr\u00e5n ditt konto raderas inloggningscookies.   <\/p>\n\n<p>N\u00e4r du \u00e4ndrar eller publicerar ett meddelande sparas en ytterligare cookie av din webbl\u00e4sare. Denna cookie inneh\u00e5ller inga personuppgifter och har endast meddelande-ID:t f\u00f6r artikeln som du har redigerat i sig. Denna cookie upph\u00f6r att g\u00e4lla efter en dag.  <\/p>\n\n<h2 class=\"wp-block-heading\">Inb\u00e4ddat inneh\u00e5ll fr\u00e5n andra webbplatser<\/h2>\n\n<p><strong class=\"privacy-policy-tutorial\">F\u00f6reslagen text: <\/strong>Meddelanden p\u00e5 den h\u00e4r webbplatsen kan inneh\u00e5lla inb\u00e4ddat inneh\u00e5ll (till exempel videor, bilder, meddelanden, etc.). Inb\u00e4ddat inneh\u00e5ll fr\u00e5n andra webbplatser beter sig exakt likadant som om bes\u00f6karen har bes\u00f6kt den andra webbplatsen. <\/p>\n\n<p>Dessa webbplatser kan samla in data om dig, anv\u00e4nda cookies, b\u00e4dda in extra sp\u00e5rning fr\u00e5n tredje part och \u00f6vervaka din interaktion med detta inb\u00e4ddade inneh\u00e5ll, inklusive att registrera interaktionen med inb\u00e4ddat inneh\u00e5ll om du har ett konto och \u00e4r inloggad p\u00e5 den webbplatsen.<\/p>\n\n<h2 class=\"wp-block-heading\">Med vem vi delar dina uppgifter<\/h2>\n\n<p><strong class=\"privacy-policy-tutorial\">F\u00f6reslagen text: <\/strong>Om du beg\u00e4r en \u00e5terst\u00e4llning av l\u00f6senordet kommer din IP-adress att inkluderas i e-postmeddelandet f\u00f6r \u00e5terst\u00e4llning.<\/p>\n\n<h2 class=\"wp-block-heading\">Hur l\u00e4nge vi sparar dina uppgifter<\/h2>\n\n<p><strong class=\"privacy-policy-tutorial\">F\u00f6reslagen text: <\/strong>N\u00e4r du l\u00e4mnar en kommentar sparas den kommentaren och metadata f\u00f6r den kommentaren f\u00f6r alltid. P\u00e5 s\u00e5 s\u00e4tt kan vi automatiskt k\u00e4nna igen och godk\u00e4nna uppf\u00f6ljningskommentarer ist\u00e4llet f\u00f6r att vi m\u00e5ste moderera dem. <\/p>\n\n<p>F\u00f6r anv\u00e4ndare som registrerar sig p\u00e5 v\u00e5r webbplats (om till\u00e4mpligt) sparar vi \u00e4ven den personliga information som de tillhandah\u00e5ller i sin anv\u00e4ndarprofil. Alla anv\u00e4ndare kan n\u00e4r som helst se, redigera eller ta bort sin personliga information (f\u00f6rutom att de inte kan \u00e4ndra sitt anv\u00e4ndarnamn). Webbplatsadministrat\u00f6rer kan ocks\u00e5 se och redigera denna information.  <\/p>\n\n<h2 class=\"wp-block-heading\">Vilka r\u00e4ttigheter du har \u00f6ver dina uppgifter<\/h2>\n\n<p><strong class=\"privacy-policy-tutorial\">F\u00f6reslagen text: <\/strong>Om du har ett konto p\u00e5 den h\u00e4r webbplatsen eller har l\u00e4mnat kommentarer kan du beg\u00e4ra en exportfil med dina personuppgifter som vi har om dig, inklusive alla uppgifter som du har gett oss. Du kan ocks\u00e5 beg\u00e4ra att vi raderar alla personuppgifter som vi har om dig. Detta inkluderar inte alla uppgifter som vi \u00e4r skyldiga att spara i samband med administrativa, juridiska eller s\u00e4kerhetsm\u00e4ssiga \u00e4ndam\u00e5l.  <\/p>\n\n<h2 class=\"wp-block-heading\">Vart dina uppgifter skickas<\/h2>\n\n<p><strong class=\"privacy-policy-tutorial\">F\u00f6reslagen text: <\/strong>Kommentarer fr\u00e5n bes\u00f6kare kan komma att kontrolleras via en automatiserad spamdetekteringstj\u00e4nst.<\/p>\n","protected":false},"excerpt":{"rendered":"<p>Vilka \u00e4r vi F\u00f6reslagen text: V\u00e5r webbplatsadress \u00e4r: https:\/\/diabeticswear.com. Kommentarer F\u00f6reslagen text: N\u00e4r bes\u00f6kare l\u00e4mnar kommentarer p\u00e5 webbplatsen samlar vi in de uppgifter som visas i kommentarsformul\u00e4ret, bes\u00f6karens IP-adress och webbl\u00e4sarens user agent f\u00f6r att hj\u00e4lpa till att uppt\u00e4cka spam. En anonymiserad str\u00e4ng, skapad utifr\u00e5n din e-postadress (detta kallas \u00e4ven en hash) kan skickas till [&hellip;]<\/p>\n","protected":false},"author":1,"featured_media":0,"parent":0,"menu_order":0,"comment_status":"closed","ping_status":"closed","template":"","meta":{"footnotes":""},"class_list":["post-7478","page","type-page","status-publish","hentry"],"jetpack_sharing_enabled":true,"_links":{"self":[{"href":"https:\/\/diabeticswear.com\/sv\/wp-json\/wp\/v2\/pages\/7478","targetHints":{"allow":["GET"]}}],"collection":[{"href":"https:\/\/diabeticswear.com\/sv\/wp-json\/wp\/v2\/pages"}],"about":[{"href":"https:\/\/diabeticswear.com\/sv\/wp-json\/wp\/v2\/types\/page"}],"author":[{"embeddable":true,"href":"https:\/\/diabeticswear.com\/sv\/wp-json\/wp\/v2\/users\/1"}],"replies":[{"embeddable":true,"href":"https:\/\/diabeticswear.com\/sv\/wp-json\/wp\/v2\/comments?post=7478"}],"version-history":[{"count":1,"href":"https:\/\/diabeticswear.com\/sv\/wp-json\/wp\/v2\/pages\/7478\/revisions"}],"predecessor-version":[{"id":7479,"href":"https:\/\/diabeticswear.com\/sv\/wp-json\/wp\/v2\/pages\/7478\/revisions\/7479"}],"wp:attachment":[{"href":"https:\/\/diabeticswear.com\/sv\/wp-json\/wp\/v2\/media?parent=7478"}],"curies":[{"name":"wp","href":"https:\/\/api.w.org\/{rel}","templated":true}]}}