{"id":7352,"date":"2025-08-25T17:01:12","date_gmt":"2025-08-25T16:01:12","guid":{"rendered":"https:\/\/diabeticswear.com\/product\/patch-pleisters-freestyle-libre-2-30-stycken\/"},"modified":"2025-12-07T22:48:09","modified_gmt":"2025-12-07T21:48:09","slug":"patch-pleisters-freestyle-libre-2-30-stycken","status":"publish","type":"product","link":"https:\/\/diabeticswear.com\/sv\/product\/patch-pleisters-freestyle-libre-2-30-stycken\/","title":{"rendered":"Patchpl\u00e5ster Freestyle Libre 2 (30 stycken)"},"content":{"rendered":"<p data-start=\"198\" data-end=\"604\">V\u00e5rt sensorpl\u00e5ster \u00e4r den perfekta l\u00f6sningen f\u00f6r att h\u00e5lla din sensor <strong>stadigt<\/strong> och <strong>p\u00e5litligt<\/strong> p\u00e5 plats. Speciellt utformat f\u00f6r Freestyle Libre 2, ger detta pl\u00e5ster <g id=\"gid_2\">extra s\u00e4kerhet<\/g> vid alla dina dagliga aktiviteter. Oavsett om du tr\u00e4nar, simmar, duschar eller bara g\u00e5r igenom din dag, med sensorpl\u00e5stret beh\u00f6ver du inte oroa dig f\u00f6r att sensorn lossnar eller flyttar sig.  <\/p>\n<p data-start=\"606\" data-end=\"984\">Patchpl\u00e5ster \u00e4r gjord av <strong>hudv\u00e4nligt, ventilerande och transparent<\/strong> material, vilket g\u00f6r att den knappt syns p\u00e5 huden. Den transparenta f\u00e4rgen s\u00e4kerst\u00e4ller att pl\u00e5stret inte sticker ut och f\u00f6rblir subtilt, medan din sensor \u00e4r optimalt skyddad. \u00c4ven vid k\u00e4nslig hud f\u00f6rhindrar pl\u00e5stret irritation och k\u00e4nns bekv\u00e4mt, \u00e4ven vid l\u00e5ngvarig anv\u00e4ndning.  <\/p>\n<p data-start=\"986\" data-end=\"1241\">Dessutom \u00e4r Patchpl\u00e5ster <strong>vatten- och svettresistent<\/strong>, vilket g\u00f6r att din sensor sitter fast ordentligt \u00e4ven under anstr\u00e4ngning och kontakt med vatten. Tack vare det starka limskiktet f\u00f6rblir pl\u00e5stret stadigt p\u00e5 plats i flera dagar utan att lossna. <\/p>\n<p data-start=\"1243\" data-end=\"1422\">Kort sagt: med Patchpl\u00e5ster f\u00f6rl\u00e4nger du sensorns anv\u00e4ndningstid, njuter du av mer frihet i ditt dagliga liv och drar du nytta av ett n\u00e4stan osynligt skydd. Tack vare de 30 styckena i en f\u00f6rpackning \u00e4r du f\u00f6rsedd f\u00f6r ett helt \u00e5r. <\/p>\n<p data-start=\"1243\" data-end=\"1422\"><span style=\"text-decoration: underline;\"><strong>Produktspecifikationer:<\/strong><\/span><br \/>\nM\u00e5tt: 72 x 72 mm<br \/>\nL\u00e4mplig f\u00f6r: Freestyle Libre 2<br \/>\nAntal: 30 stycken<br \/>\nAnv\u00e4ndningstid: \u224814 dagar<br \/>\nF\u00e4rg: Transparent<\/p>\n","protected":false},"excerpt":{"rendered":"<p>V\u00e5rt sensorpl\u00e5ster \u00e4r den perfekta l\u00f6sningen f\u00f6r att h\u00e5lla din sensor stadigt och p\u00e5litligt p\u00e5 plats. Speciellt utformat f\u00f6r Freestyle Libre 2, ger detta pl\u00e5ster extra s\u00e4kerhet vid alla dina dagliga aktiviteter. Oavsett om du tr\u00e4nar, simmar, duschar eller bara g\u00e5r igenom din dag, med sensorpl\u00e5stret beh\u00f6ver du inte oroa dig f\u00f6r att sensorn lossnar [&hellip;]<\/p>\n","protected":false},"featured_media":7602,"comment_status":"open","ping_status":"closed","template":"","meta":[],"product_brand":[],"product_cat":[297,298],"product_tag":[],"class_list":{"0":"post-7352","1":"product","2":"type-product","3":"status-publish","4":"has-post-thumbnail","6":"product_cat-ovrigt","7":"product_cat-plasterpatchar","9":"first","10":"instock","11":"taxable","12":"shipping-taxable","13":"purchasable","14":"product-type-simple"},"jetpack_sharing_enabled":true,"_links":{"self":[{"href":"https:\/\/diabeticswear.com\/sv\/wp-json\/wp\/v2\/product\/7352","targetHints":{"allow":["GET"]}}],"collection":[{"href":"https:\/\/diabeticswear.com\/sv\/wp-json\/wp\/v2\/product"}],"about":[{"href":"https:\/\/diabeticswear.com\/sv\/wp-json\/wp\/v2\/types\/product"}],"replies":[{"embeddable":true,"href":"https:\/\/diabeticswear.com\/sv\/wp-json\/wp\/v2\/comments?post=7352"}],"wp:featuredmedia":[{"embeddable":true,"href":"https:\/\/diabeticswear.com\/sv\/wp-json\/wp\/v2\/media\/7602"}],"wp:attachment":[{"href":"https:\/\/diabeticswear.com\/sv\/wp-json\/wp\/v2\/media?parent=7352"}],"wp:term":[{"taxonomy":"product_brand","embeddable":true,"href":"https:\/\/diabeticswear.com\/sv\/wp-json\/wp\/v2\/product_brand?post=7352"},{"taxonomy":"product_cat","embeddable":true,"href":"https:\/\/diabeticswear.com\/sv\/wp-json\/wp\/v2\/product_cat?post=7352"},{"taxonomy":"product_tag","embeddable":true,"href":"https:\/\/diabeticswear.com\/sv\/wp-json\/wp\/v2\/product_tag?post=7352"}],"curies":[{"name":"wp","href":"https:\/\/api.w.org\/{rel}","templated":true}]}}