{"id":7373,"date":"2025-08-15T11:01:30","date_gmt":"2025-08-15T10:01:30","guid":{"rendered":"https:\/\/diabeticswear.com\/product\/sportleggings-med-2-fickor\/"},"modified":"2025-09-16T14:24:34","modified_gmt":"2025-09-16T13:24:34","slug":"sportleggings-med-2-fickor","status":"publish","type":"product","link":"https:\/\/diabeticswear.com\/sv\/product\/sportleggings-med-2-fickor\/","title":{"rendered":"Sportleggings med 2 fickor"},"content":{"rendered":"<p>V\u00e5ra sportleggings med 2 fickor \u00e4r speciellt designade f\u00f6r personer med diabetes som vill b\u00e4ra sin insulinpump s\u00e4kert, diskret och bekv\u00e4mt under tr\u00e4ning och i vardagen. Dessa leggings har tv\u00e5 djupa fickor p\u00e5 sidorna, idealiskt placerade f\u00f6r att h\u00e5lla din pump stabilt p\u00e5 plats. Det diskreta h\u00e5let p\u00e5 insidan av fickan g\u00f6r att infusionsslangen kan f\u00f6ras igenom snyggt, s\u00e5 att infusionsslangen inte h\u00e4nger l\u00f6st och du minimerar risken f\u00f6r att fastna.  <\/p>\n<p data-start=\"660\" data-end=\"921\">Oavsett om du ska vandra, springa, yoga eller bara har en hektisk dag, kan du njuta av maximal r\u00f6relsefrihet och s\u00e4kerhet med dessa sportleggings. Pumpen sitter alltid bra, s\u00e5 att du kan fokusera helt p\u00e5 det du g\u00f6r. <\/p>\n<p data-start=\"660\" data-end=\"921\">Det mjuka, ventilerande och stretchiga materialet formar sig enkelt efter din kropp, k\u00e4nns behagligt mot huden och f\u00f6ljer med i varje steg. De tv\u00e5 praktiska fickorna g\u00f6r det m\u00f6jligt att f\u00f6rvara din telefon, nyckel eller andra viktiga saker s\u00e4kert bredvid din insulinpump utan en extra v\u00e4ska. <\/p>\n<p data-start=\"923\" data-end=\"1392\"><span style=\"text-decoration: underline;\"><strong>Produktspecifikationer:<br \/>\n<\/strong><\/span><strong>Material:<\/strong> 90 % polyester, 10 % elastan<br \/>\n<strong>Storlekar: <\/strong>S \/ M \/ L \/ XL<br \/>\n<strong>F\u00e4rg: <\/strong>Svart<br \/>\n<strong>Antal fickor: <\/strong>2<br \/>\n<strong>Fickornas placering: <\/strong>Sidan<br \/>\n<strong>Tv\u00e4ttr\u00e5d: <\/strong>Se etikett i sportleggings<\/p>\n","protected":false},"excerpt":{"rendered":"<p>V\u00e5ra sportleggings med 2 fickor \u00e4r speciellt designade f\u00f6r personer med diabetes som vill b\u00e4ra sin insulinpump s\u00e4kert, diskret och bekv\u00e4mt under tr\u00e4ning och i vardagen. Dessa leggings har tv\u00e5 djupa fickor p\u00e5 sidorna, idealiskt placerade f\u00f6r att h\u00e5lla din pump stabilt p\u00e5 plats. Det diskreta h\u00e5let p\u00e5 insidan av fickan g\u00f6r att infusionsslangen kan [&hellip;]<\/p>\n","protected":false},"featured_media":5397,"comment_status":"open","ping_status":"closed","template":"","meta":[],"product_brand":[],"product_cat":[294,295],"product_tag":[],"class_list":{"0":"post-7373","1":"product","2":"type-product","3":"status-publish","4":"has-post-thumbnail","6":"product_cat-klader","7":"product_cat-sportleggings","8":"pa_maat-l","9":"pa_maat-m","10":"pa_maat-s","11":"pa_maat-xl","13":"first","14":"instock","15":"taxable","16":"shipping-taxable","17":"purchasable","18":"product-type-variable"},"jetpack_sharing_enabled":true,"_links":{"self":[{"href":"https:\/\/diabeticswear.com\/sv\/wp-json\/wp\/v2\/product\/7373","targetHints":{"allow":["GET"]}}],"collection":[{"href":"https:\/\/diabeticswear.com\/sv\/wp-json\/wp\/v2\/product"}],"about":[{"href":"https:\/\/diabeticswear.com\/sv\/wp-json\/wp\/v2\/types\/product"}],"replies":[{"embeddable":true,"href":"https:\/\/diabeticswear.com\/sv\/wp-json\/wp\/v2\/comments?post=7373"}],"wp:featuredmedia":[{"embeddable":true,"href":"https:\/\/diabeticswear.com\/sv\/wp-json\/wp\/v2\/media\/5397"}],"wp:attachment":[{"href":"https:\/\/diabeticswear.com\/sv\/wp-json\/wp\/v2\/media?parent=7373"}],"wp:term":[{"taxonomy":"product_brand","embeddable":true,"href":"https:\/\/diabeticswear.com\/sv\/wp-json\/wp\/v2\/product_brand?post=7373"},{"taxonomy":"product_cat","embeddable":true,"href":"https:\/\/diabeticswear.com\/sv\/wp-json\/wp\/v2\/product_cat?post=7373"},{"taxonomy":"product_tag","embeddable":true,"href":"https:\/\/diabeticswear.com\/sv\/wp-json\/wp\/v2\/product_tag?post=7373"}],"curies":[{"name":"wp","href":"https:\/\/api.w.org\/{rel}","templated":true}]}}