{"id":7399,"date":"2024-10-07T22:05:58","date_gmt":"2024-10-07T20:05:58","guid":{"rendered":"https:\/\/diabeticswear.com\/product\/v-ringad-2-ficks-skjorta\/"},"modified":"2025-12-07T22:48:23","modified_gmt":"2025-12-07T21:48:23","slug":"v-ringad-2-ficks-skjorta","status":"publish","type":"product","link":"https:\/\/diabeticswear.com\/sv\/product\/v-ringad-2-ficks-skjorta\/","title":{"rendered":"V-RINGAD | 2-ficks skjorta"},"content":{"rendered":"<p style=\"text-align: left;\">F\u00f6r personer med diabetes som anv\u00e4nder en insulinpump \u00e4r komfort i vardagen ingen lyx utan en n\u00f6dv\u00e4ndighet. Denna specialdesignade skjorta erbjuder en smart, stilfull och praktisk l\u00f6sning f\u00f6r att b\u00e4ra din pump \u2013 utan kr\u00e5ngel och utan att kompromissa med utseendet. <\/p>\n<p>P\u00e5 framsidan av skjortan finns tv\u00e5 integrerade fickor, strategiskt placerade f\u00f6r att f\u00f6rvara din insulinpump s\u00e4kert och diskret. Oavsett om du \u00e4r p\u00e5 jobbet, handlar eller bara kopplar av hemma: din pump \u00e4r s\u00e4kert f\u00f6rvarad. P\u00e5 insidan av skjortan finns tv\u00e5 subtila h\u00e5l, strategiskt placerade f\u00f6r att leda slangen fr\u00e5n din insulinpump snyggt och s\u00e4kert till din kropp. Detta g\u00f6r att infusionsslangen inte h\u00e4nger l\u00f6st och allt f\u00f6rblir diskret under dina kl\u00e4der.   <\/p>\n<p>Skjortan \u00e4r tillverkad av 100 % bomull, vilket ger en mjuk och stadig passform som \u00e4r l\u00e4mplig f\u00f6r dagligt bruk. Tyget k\u00e4nns behagligt mot huden, \u00e4ven vid l\u00e5ngvarig anv\u00e4ndning eller under varma dagar. Fickorna st\u00e4ngs med kardborreband, s\u00e5 att din pump sitter s\u00e4kert, \u00e4ven vid mycket r\u00f6relse.  <\/p>\n<p>Denna skjorta \u00e4r designad med k\u00e4nsla f\u00f6r detaljer och med anv\u00e4ndarnas \u00f6nskem\u00e5l i \u00e5tanke. Den ger personer med diabetes mer frihet, s\u00e4kerhet och komfort \u2013 precis vad du beh\u00f6ver f\u00f6r att kunna fokusera p\u00e5 annat \u00e4n din insulinpump. <\/p>\n<p><span style=\"text-decoration: underline;\"><em><strong>OBS!<\/strong><\/em><\/span><em><strong> <\/strong><\/em><em>Produkterna \u00e4r stora i storleken. D\u00e4rf\u00f6r rekommenderar vi att du best\u00e4ller en storlek mindre \u00e4n normalt. Se storlekstabellen f\u00f6r exakta m\u00e5tt och kontakta oss g\u00e4rna via info@diabeticswear.com  <\/em><\/p>\n<p><strong><span style=\"text-decoration: underline;\">Produktspecifikationer<\/span>:<br \/>\nMaterial:<\/strong> 100 % bomull<br \/>\n<strong>Storlekar:<\/strong> XS (endast tillg\u00e4nglig i vitt) \/ S \/ M \/ L \/ XL \/ XXL (endast tillg\u00e4nglig i svart)<em><br \/>\n<\/em><strong>F\u00e4rg: <\/strong>Vit\/Svart<br \/>\n<strong>Antal fickor<\/strong>: 2<br \/>\n<strong>Fickornas placering<\/strong>: Framsida<br \/>\n<strong>Fickornas m\u00e5tt:<\/strong> 138 mm x 117 mm<br \/>\n<strong>Typ av st\u00e4ngning:<\/strong> Kardborreband<br \/>\n<strong>Tv\u00e4ttr\u00e5d<\/strong>: Se etikett i nacken<\/p>\n","protected":false},"excerpt":{"rendered":"<p>F\u00f6r personer med diabetes som anv\u00e4nder en insulinpump \u00e4r komfort i vardagen ingen lyx utan en n\u00f6dv\u00e4ndighet. Denna specialdesignade skjorta erbjuder en smart, stilfull och praktisk l\u00f6sning f\u00f6r att b\u00e4ra din pump \u2013 utan kr\u00e5ngel och utan att kompromissa med utseendet. P\u00e5 framsidan av skjortan finns tv\u00e5 integrerade fickor, strategiskt placerade f\u00f6r att f\u00f6rvara din [&hellip;]<\/p>\n","protected":false},"featured_media":7384,"comment_status":"open","ping_status":"closed","template":"","meta":[],"product_brand":[],"product_cat":[294,307],"product_tag":[],"class_list":{"0":"post-7399","1":"product","2":"type-product","3":"status-publish","4":"has-post-thumbnail","6":"product_cat-klader","7":"product_cat-skjortor","8":"pa_kleur-svart","9":"pa_kleur-vit","10":"pa_maat-l","11":"pa_maat-m","12":"pa_maat-s","13":"pa_maat-xl","14":"pa_maat-xs","15":"pa_maat-xxl","17":"first","18":"instock","19":"taxable","20":"shipping-taxable","21":"purchasable","22":"product-type-variable"},"jetpack_sharing_enabled":true,"_links":{"self":[{"href":"https:\/\/diabeticswear.com\/sv\/wp-json\/wp\/v2\/product\/7399","targetHints":{"allow":["GET"]}}],"collection":[{"href":"https:\/\/diabeticswear.com\/sv\/wp-json\/wp\/v2\/product"}],"about":[{"href":"https:\/\/diabeticswear.com\/sv\/wp-json\/wp\/v2\/types\/product"}],"replies":[{"embeddable":true,"href":"https:\/\/diabeticswear.com\/sv\/wp-json\/wp\/v2\/comments?post=7399"}],"wp:featuredmedia":[{"embeddable":true,"href":"https:\/\/diabeticswear.com\/sv\/wp-json\/wp\/v2\/media\/7384"}],"wp:attachment":[{"href":"https:\/\/diabeticswear.com\/sv\/wp-json\/wp\/v2\/media?parent=7399"}],"wp:term":[{"taxonomy":"product_brand","embeddable":true,"href":"https:\/\/diabeticswear.com\/sv\/wp-json\/wp\/v2\/product_brand?post=7399"},{"taxonomy":"product_cat","embeddable":true,"href":"https:\/\/diabeticswear.com\/sv\/wp-json\/wp\/v2\/product_cat?post=7399"},{"taxonomy":"product_tag","embeddable":true,"href":"https:\/\/diabeticswear.com\/sv\/wp-json\/wp\/v2\/product_tag?post=7399"}],"curies":[{"name":"wp","href":"https:\/\/api.w.org\/{rel}","templated":true}]}}